{"id":3,"date":"2023-04-15T17:28:02","date_gmt":"2023-04-15T15:28:02","guid":{"rendered":"http:\/\/maachabati.com\/?page_id=3"},"modified":"2023-09-18T11:05:49","modified_gmt":"2023-09-18T09:05:49","slug":"politique-de-confidentialite","status":"publish","type":"page","link":"https:\/\/lmzouar.com\/fr\/politique-de-confidentialite\/","title":{"rendered":"Politique de confidentialit\u00e9"},"content":{"rendered":"\t\t<div data-elementor-type=\"wp-page\" data-elementor-id=\"3\" class=\"elementor elementor-3\">\n\t\t\t\t\t\t<section class=\"elementor-section elementor-top-section elementor-element elementor-element-186ee94a elementor-section-boxed elementor-section-height-default elementor-section-height-default\" data-id=\"186ee94a\" data-element_type=\"section\">\n\t\t\t\t\t\t<div class=\"elementor-container elementor-column-gap-default\">\n\t\t\t\t\t<div class=\"elementor-column elementor-col-100 elementor-top-column elementor-element elementor-element-79f9dc78\" data-id=\"79f9dc78\" data-element_type=\"column\">\n\t\t\t<div class=\"elementor-widget-wrap elementor-element-populated\">\n\t\t\t\t\t\t<div class=\"elementor-element elementor-element-1211bb00 elementor-widget elementor-widget-text-editor\" data-id=\"1211bb00\" data-element_type=\"widget\" data-widget_type=\"text-editor.default\">\n\t\t\t\t<div class=\"elementor-widget-container\">\n\t\t\t\t\t\t\t\t\t\n<h2 class=\"wp-block-heading\"><\/h2>\n\t\t\t\t\t\t\t\t<\/div>\n\t\t\t\t<\/div>\n\t\t\t\t\t<\/div>\n\t\t<\/div>\n\t\t\t\t\t<\/div>\n\t\t<\/section>\n\t\t\t\t<section class=\"elementor-section elementor-top-section elementor-element elementor-element-339c567 elementor-section-boxed elementor-section-height-default elementor-section-height-default\" data-id=\"339c567\" data-element_type=\"section\">\n\t\t\t\t\t\t<div class=\"elementor-container elementor-column-gap-default\">\n\t\t\t\t\t<div class=\"elementor-column elementor-col-100 elementor-top-column elementor-element elementor-element-6325bc7\" data-id=\"6325bc7\" data-element_type=\"column\">\n\t\t\t<div class=\"elementor-widget-wrap elementor-element-populated\">\n\t\t\t\t\t\t<div class=\"elementor-element elementor-element-5837ca3 elementor-widget elementor-widget-heading\" data-id=\"5837ca3\" data-element_type=\"widget\" data-widget_type=\"heading.default\">\n\t\t\t\t<div class=\"elementor-widget-container\">\n\t\t\t\t\t<h2 class=\"elementor-heading-title elementor-size-default\">Politique De Confidentialit\u00e9<\/h2>\t\t\t\t<\/div>\n\t\t\t\t<\/div>\n\t\t\t\t<div class=\"elementor-element elementor-element-0a8d413 elementor-widget elementor-widget-text-editor\" data-id=\"0a8d413\" data-element_type=\"widget\" data-widget_type=\"text-editor.default\">\n\t\t\t\t<div class=\"elementor-widget-container\">\n\t\t\t\t\t\t\t\t\t<p><strong>Bienvenue dans la boutique en ligne de<\/strong> Maachabati.com<\/p>\n<p>Notre site Web respecte votre vie priv\u00e9e et cherche \u00e0 prot\u00e9ger vos donn\u00e9es personnelles. Pour en savoir plus, veuillez lire notre politique de confidentialit\u00e9 ci-dessous !<\/p>\n<p>Cette politique de confidentialit\u00e9 explique comment nous recueillons et utilisons vos donn\u00e9es personnelles (dans certaines circonstances). Mentionnez \u00e9galement les proc\u00e9dures en place pour assurer la confidentialit\u00e9 de vos informations. Enfin, cette politique d\u00e9finit les choix qui s\u2019offrent \u00e0 vous concernant la collecte, l\u2019utilisation et la divulgation des donn\u00e9es personnelles. En visitant le Site directement ou par l\u2019interm\u00e9diaire d\u2019un autre site, vous acceptez les pratiques d\u00e9crites dans la pr\u00e9sente Politique.<\/p>\n<p>La protection de vos donn\u00e9es est tr\u00e8s importante pour nous. Votre nom et d\u2019autres informations vous concernant sont utilis\u00e9s de la mani\u00e8re d\u00e9crite dans la Politique de confidentialit\u00e9. Nous collecterons des informations si n\u00e9cessaire ou si elles sont directement li\u00e9es \u00e0 nos transactions avec vous.<\/p>\n<p>Nous conserverons vos donn\u00e9es conform\u00e9ment \u00e0 la loi ou pour les utiliser aux fins pour lesquelles elles ont \u00e9t\u00e9 collect\u00e9es.<\/p>\n<p>Vous pouvez naviguer sur le site sans avoir \u00e0 fournir de donn\u00e9es personnelles. Votre identit\u00e9 personnelle reste anonyme tout au long de votre visite sur le site et n\u2019est pas r\u00e9v\u00e9l\u00e9e \u00e0 moins que vous n\u2019ayez un compte \u00e9lectronique sp\u00e9cial sur le site auquel vous acc\u00e9dez en utilisant votre nom d\u2019utilisateur et votre mot de passe.<\/p>\n<h2 style=\"text-align: left;\">1: Donn\u00e9es que nous collectons<\/h2>\n<p style=\"text-align: left;\">Nous pouvons avoir besoin de recueillir vos informations si vous souhaitez passer une commande pour un article sur notre site Web.<\/p>\n<p style=\"text-align: left;\">Nous collectons, stockons et traitons vos donn\u00e9es n\u00e9cessaires pour suivre votre achat sur notre site afin de s\u00e9curiser toute r\u00e9clamation \u00e9ventuelle qui pourrait survenir ult\u00e9rieurement, et pour vous fournir les services \u00e0 notre disposition.\u00a0Nous pouvons collecter des informations personnelles, y compris, mais sans s\u2019y limiter, le nom, le sexe, la date de naissance, l\u2019adresse e-mail, l\u2019adresse postale, l\u2019adresse de livraison (si diff\u00e9rente), le num\u00e9ro de t\u00e9l\u00e9phone, les d\u00e9tails de paiement, les d\u00e9tails de la carte de paiement ou les d\u00e9tails du compte.<\/p>\n<p style=\"text-align: left;\">Nous utilisons les informations que vous fournissez pour nous permettre de traiter vos demandes et de vous fournir les services et les informations affich\u00e9s sur notre site que vous demandez.\u00a0En outre, nous utiliserons les informations que vous fournissez pour administrer votre compte chez nous, pour v\u00e9rifier les audits et les t\u00e9l\u00e9chargements de donn\u00e9es \u00e0 partir du Site, pour identifier les visiteurs du Site, et pour d\u00e9velopper et personnaliser la conception des pages et \/ ou du contenu du Site.\u00a0Nous effectuons des recherches d\u00e9mographiques approfondies et envoyons des informations utiles ou demand\u00e9es \u00e0 l\u2019utilisateur, par exemple des informations sur les produits et services, si vous ne vous opposez pas \u00e0 \u00eatre contact\u00e9 \u00e0 ce sujet.\u00a0Si vous le souhaitez, le courrier \u00e9lectronique vous fournira des d\u00e9tails sur d\u2019autres produits et services, et si vous pr\u00e9f\u00e9rez ne pas recevoir de communications promotionnelles et marketing, veuillez d\u00e9sactiver cette option \u00e0 tout moment.<\/p>\n<p style=\"text-align: left;\">Nous pouvons donner votre nom et votre adresse \u00e0 un tiers afin de livrer votre commande (par exemple, un agent de livraison ou un fournisseur).<\/p>\n<p style=\"text-align: left;\">Notre agent de r\u00e9seau international g\u00e8re les transactions financi\u00e8res en ligne.\u00a0Ce que vous devez faire est de fournir des informations exactes et non trompeuses \u00e0 l\u2019agent ou au site, et vous devez les tenir \u00e0 jour et nous informer des changements.<\/p>\n<p style=\"text-align: left;\">Nous pouvons \u00eatre en mesure de stocker les d\u00e9tails concernant votre commande actuelle sur notre site Web, mais nous ne pouvons pas les r\u00e9cup\u00e9rer directement pour des raisons de s\u00e9curit\u00e9.\u00a0En vous connectant \u00e0 votre compte sur le site, vous pouvez voir les informations et les d\u00e9tails de vos achats que vous avez command\u00e9s ou que vous effectuerez prochainement.\u00a0Vous pouvez \u00e9galement g\u00e9rer vos coordonn\u00e9es.\u00a0Vous devez \u00e9galement vous engager \u00e0 traiter vos donn\u00e9es personnelles de mani\u00e8re confidentielle et \u00e0 ne pas les mettre \u00e0 la disposition d\u2019un tiers non autoris\u00e9.\u00a0Nous d\u00e9clinons toute responsabilit\u00e9 en cas d\u2019utilisation abusive des mots de passe, sauf si une telle utilisation abusive r\u00e9sulte de notre faute.<\/p>\n<p style=\"text-align: left;\">Autres utilisations de vos renseignements personnelles\u00a0:<\/p>\n<p style=\"text-align: left;\">Nous pouvons utiliser vos informations personnelles dans des enqu\u00eates et des \u00e9tudes de march\u00e9, \u00e0 votre discr\u00e9tion, \u00e0 des fins statistiques avec une garantie de confidentialit\u00e9 totale, et vous avez le droit de vous retirer \u00e0 tout moment.\u00a0Nous n\u2019envoyons aucune r\u00e9ponse \u00e0 des tiers.\u00a0Votre adresse e-mail ne sera divulgu\u00e9e que si vous souhaitez participer \u00e0 des concours.\u00a0Nous conservons les r\u00e9ponses aux sondages dans un endroit compl\u00e8tement s\u00e9par\u00e9 de votre e-mail priv\u00e9.<\/p>\n<p style=\"text-align: left;\">Nous pouvons vous envoyer des informations sur nous, le Site ou d\u2019autres sites, nos produits, nos ventes, nos offres commerciales, nos bulletins d\u2019information et d\u2019autres \u00e9l\u00e9ments li\u00e9s aux soci\u00e9t\u00e9s affili\u00e9es ou aux partenaires de notre groupe.\u00a0Si vous ne souhaitez pas recevoir ces informations suppl\u00e9mentaires (ou une partie de celles-ci), veuillez cliquer sur le lien \u00ab\u00a0se d\u00e9sabonner\u00a0\u00bb dans tout e-mail qui vous est envoy\u00e9, et nous cesserons de vous envoyer ces informations dans les sept jours ouvrables (tous les jours sauf les samedis, dimanches et jours f\u00e9ri\u00e9s dans tout le Royaume du Maroc) \u00e0 compter de la r\u00e9ception de votre notification.\u00a0Nous vous contacterons pour vous renseigner sur les informations qui ne sont pas claires.<\/p>\n<p style=\"text-align: left;\">Nous pouvons utiliser certaines donn\u00e9es, tout en pr\u00e9servant la vie priv\u00e9e et la confidentialit\u00e9 du Site, \u00e0 d\u2019autres fins, y compris la v\u00e9rification de la localisation des utilisateurs et apr\u00e8s leur visite sur le Site ou les liens contenus dans l\u2019e-mail pendant qu\u2019ils s\u2019abonnent pour le recevoir, et pour fournir ces donn\u00e9es anonymes, qui ne permettent pas votre identification personnelle r\u00e9elle, \u00e0 un tiers tel que des \u00e9diteurs.\u00a0Cependant, ces donn\u00e9es ne vous identifieront pas personnellement (car elles ne sont pas identifiables).<\/p>\n<p style=\"text-align: left;\">Comp\u00e9titions :<\/p>\n<p style=\"text-align: left;\">Dans le cadre de tout concours, nous utilisons les donn\u00e9es pour informer les gagnants et pour annoncer nos offres.\u00a0Vous trouverez plus de d\u00e9tails sur les conditions de participation \u00e0 chaque comp\u00e9tition.<\/p>\n<p style=\"text-align: left;\">Tiers et liens vers des sites\u00a0:<\/p>\n<p style=\"text-align: left;\">Nous pouvons transf\u00e9rer vos informations \u00e0 d\u2019autres soci\u00e9t\u00e9s de notre groupe ou \u00e0 nos agents et sous-traitants pour nous aider dans les transactions connexes conform\u00e9ment aux termes de la politique de confidentialit\u00e9.\u00a0Par exemple, nous pouvons faire appel \u00e0 un tiers pour nous aider \u00e0 vous livrer des produits, \u00e0 recevoir des paiements de votre part, \u00e0 les utiliser \u00e0 des fins statistiques et de recherche marketing ou pour aider notre \u00e9quipe de service \u00e0 la client\u00e8le.\u00a0Nous pouvons avoir besoin de partager des informations avec un tiers pour nous prot\u00e9ger contre la fraude et r\u00e9duire le risque de cr\u00e9dit.\u00a0Si notre soci\u00e9t\u00e9 ou une partie de celle-ci est vendue, nous devrons peut-\u00eatre transf\u00e9rer nos bases de donn\u00e9es qui incluent vos informations personnelles.\u00a0Nonobstant ce qui est \u00e9nonc\u00e9 dans la pr\u00e9sente Politique de confidentialit\u00e9, nous ne vendrons ni ne divulguerons vos donn\u00e9es personnelles \u00e0 un tiers sans votre consentement pr\u00e9alable, sauf si cela est n\u00e9cessaire aux fins \u00e9nonc\u00e9es dans la pr\u00e9sente Politique de confidentialit\u00e9, ou si nous sommes tenus de le faire par la loi.\u00a0Le Site peut contenir des publicit\u00e9s de tiers, des liens vers d\u2019autres sites ou des cadres vers d\u2019autres sites.\u00a0Nous ne sommes pas responsables de la politique de confidentialit\u00e9 d\u2019un tiers ou du contenu de ces politiques applicables sur d\u2019autres sites, et nous ne sommes pas responsables envers les tiers auxquels nous transf\u00e9rons vos donn\u00e9es conform\u00e9ment \u00e0 la politique de confidentialit\u00e9.<\/p>\n<h2 style=\"text-align: left;\">\u00a0<\/h2>\n<h2 style=\"text-align: left;\">2: Cookies:<\/h2>\n<p style=\"text-align: left;\">L\u2019acceptation des cookies n\u2019est pas une condition pr\u00e9alable \u00e0 la visite du site.\u00a0Cependant, nous soulignons qu\u2019il n\u2019est pas possible d\u2019utiliser les fonctions \u00ab panier \u00bb sur le site et de demander n\u2019importe quel but sans activer les cookies.\u00a0Les cookies sont de petits fichiers texte qui permettent \u00e0 notre serveur d\u2019identifier votre ordinateur en tant qu\u2019utilisateur unique lorsque vous visitez certaines pages du site.\u00a0Votre navigateur stocke ces fichiers sur le disque dur de votre ordinateur.\u00a0Les cookies peuvent \u00eatre utilis\u00e9s pour d\u00e9tecter votre adresse de protocole Internet (IP), ce qui vous fait gagner du temps lorsque vous \u00eates sur le site ou que vous souhaitez le visiter.\u00a0Nous utilisons des cookies pour nous assurer que vous \u00eates \u00e0 l\u2019aise sur ce site Web (pour vous rappeler par exemple qui vous \u00eates lorsque vous souhaitez modifier votre panier sans avoir \u00e0 saisir \u00e0 nouveau votre adresse e-mail) et non pour obtenir ou utiliser d\u2019autres informations vous concernant (par exemple \u00e0 des fins de marketing cibl\u00e9).\u00a0Vous pouvez configurer votre navigateur pour qu\u2019il n\u2019accepte pas les cookies, mais cela limitera votre utilisation du site.\u00a0Veuillez vous assurer que notre utilisation des cookies ne contient aucune information personnelle ou priv\u00e9e et est exempte de virus et que ce site utilise Google Analytics, un service fourni par Google pour analyser les pages Web.\u00a0Pour analyser la fa\u00e7on dont les utilisateurs utilisent le site, Google Analytics s\u2019appuie sur des cookies, qui sont des fichiers texte plac\u00e9s sur votre ordinateur.\u00a0Google transmettra les informations g\u00e9n\u00e9r\u00e9es par les cookies concernant votre utilisation de ce site Web (y compris votre adresse IP) \u00e0 des serveurs situ\u00e9s aux \u00c9tats-Unis o\u00f9 elles seront stock\u00e9es.\u00a0Google utilisera ces informations pour \u00e9valuer votre utilisation du Site, signaler aux op\u00e9rateurs du Site l\u2019activit\u00e9 du Site et fournir d\u2019autres services li\u00e9s \u00e0 l\u2019activit\u00e9 du Site et \u00e0 l\u2019utilisation d\u2019Internet.\u00a0Google peut \u00e9galement transf\u00e9rer ces informations \u00e0 un tiers si la loi l\u2019exige ou si un tiers traite les informations pour le compte de Google.\u00a0Google n\u2019associera votre adresse IP \u00e0 aucune autre donn\u00e9e qu\u2019il d\u00e9tient.\u00a0Vous pouvez refuser l\u2019utilisation de cookies en s\u00e9lectionnant les param\u00e8tres appropri\u00e9s de votre navigateur, mais veuillez garder \u00e0 l\u2019esprit que vous ne pourrez pas profiter de toutes les fonctionnalit\u00e9s du site.\u00a0En utilisant ce site Web, vous acceptez que Google utilise vos donn\u00e9es comme d\u00e9crit et aux fins d\u00e9taill\u00e9es ci-dessus.<\/p>\n<p style=\"text-align: left;\">3: S\u00e9curit\u00e9 :<\/p>\n<p style=\"text-align: left;\">Nous utilisons des technologies et des proc\u00e9dures de s\u00e9curit\u00e9 appropri\u00e9es pour emp\u00eacher tout acc\u00e8s non autoris\u00e9 ou ill\u00e9gal, perte ou destruction de vos informations. Lorsque nous recueillons des donn\u00e9es par le biais du Site, nous stockons vos informations personnelles dans une base de donn\u00e9es au sein d\u2019un serveur \u00e9lectronique s\u00e9curis\u00e9. Nous utilisons des syst\u00e8mes de pare-feu sur nos serveurs. Lorsque nous recueillons les d\u00e9tails de la carte de paiement par voie \u00e9lectronique, nous les prot\u00e9geons gr\u00e2ce \u00e0 l\u2019utilisation d\u2019un cryptage, tel que Secure Sockets Layer (SSL). Il est donc difficile pour un pirate de d\u00e9crypter vos informations car nous ne pouvons pas garantir une protection \u00e0 cent pour cent. Nous vous conseillons fortement de ne pas envoyer tous les d\u00e9tails de votre carte de cr\u00e9dit ou de d\u00e9bit lorsque vous nous contactez par voie \u00e9lectronique et sans cryptage. Nous mettons en place des mesures de protection physiques, \u00e9lectroniques et proc\u00e9durales directes sur la collecte, le stockage et la divulgation de vos informations. Nos mesures de s\u00e9curit\u00e9 exigent parfois que nous vous demandions de prouver votre identit\u00e9 avant de vous divulguer vos renseignements personnels. Il est de votre responsabilit\u00e9 de prot\u00e9ger votre mot de passe et votre ordinateur contre toute utilisation non autoris\u00e9e .<\/p>\n<h2 style=\"text-align: left;\">\u00a0<\/h2>\n<h2 style=\"text-align: left;\">4: Droits du client:<\/h2>\n<p style=\"text-align: left;\">Si vous \u00eates pr\u00e9occup\u00e9 par vos donn\u00e9es, vous avez le droit de demander l&rsquo;acc\u00e8s aux donn\u00e9es personnelles que nous d\u00e9tenons \u00e0 votre sujet ou que vous nous avez pr\u00e9c\u00e9demment transf\u00e9r\u00e9es. Vous avez le droit de nous demander de corriger toute erreur dans vos donn\u00e9es personnelles, et ceci est gratuit. Vous avez \u00e9galement le droit de nous demander, \u00e0 tout moment, de cesser d&rsquo;utiliser vos donn\u00e9es personnelles \u00e0 des fins de marketing direct.<\/p>\t\t\t\t\t\t\t\t<\/div>\n\t\t\t\t<\/div>\n\t\t\t\t\t<\/div>\n\t\t<\/div>\n\t\t\t\t\t<\/div>\n\t\t<\/section>\n\t\t\t\t<\/div>\n\t\t","protected":false},"excerpt":{"rendered":"<p>Politique De Confidentialit\u00e9 Bienvenue dans la boutique en ligne de Maachabati.com Notre site Web respecte votre vie priv\u00e9e et cherche \u00e0 prot\u00e9ger vos donn\u00e9es personnelles. Pour en savoir plus, veuillez lire notre politique de confidentialit\u00e9 ci-dessous ! Cette politique de confidentialit\u00e9 explique comment nous recueillons et utilisons vos donn\u00e9es personnelles (dans certaines circonstances). Mentionnez \u00e9galement [&hellip;]<\/p>\n","protected":false},"author":1,"featured_media":0,"parent":0,"menu_order":0,"comment_status":"closed","ping_status":"open","template":"","meta":{"footnotes":""},"class_list":["post-3","page","type-page","status-publish","hentry"],"_links":{"self":[{"href":"https:\/\/lmzouar.com\/fr\/wp-json\/wp\/v2\/pages\/3","targetHints":{"allow":["GET"]}}],"collection":[{"href":"https:\/\/lmzouar.com\/fr\/wp-json\/wp\/v2\/pages"}],"about":[{"href":"https:\/\/lmzouar.com\/fr\/wp-json\/wp\/v2\/types\/page"}],"author":[{"embeddable":true,"href":"https:\/\/lmzouar.com\/fr\/wp-json\/wp\/v2\/users\/1"}],"replies":[{"embeddable":true,"href":"https:\/\/lmzouar.com\/fr\/wp-json\/wp\/v2\/comments?post=3"}],"version-history":[{"count":4,"href":"https:\/\/lmzouar.com\/fr\/wp-json\/wp\/v2\/pages\/3\/revisions"}],"predecessor-version":[{"id":4634,"href":"https:\/\/lmzouar.com\/fr\/wp-json\/wp\/v2\/pages\/3\/revisions\/4634"}],"wp:attachment":[{"href":"https:\/\/lmzouar.com\/fr\/wp-json\/wp\/v2\/media?parent=3"}],"curies":[{"name":"wp","href":"https:\/\/api.w.org\/{rel}","templated":true}]}}