{"id":4626,"date":"2023-09-18T11:01:10","date_gmt":"2023-09-18T09:01:10","guid":{"rendered":"https:\/\/maachabati.com\/?page_id=4626"},"modified":"2023-09-18T11:02:24","modified_gmt":"2023-09-18T09:02:24","slug":"conditions-dutilisation","status":"publish","type":"page","link":"https:\/\/lmzouar.com\/fr\/conditions-dutilisation\/","title":{"rendered":"Conditions d\u2019utilisation"},"content":{"rendered":"\t\t<div data-elementor-type=\"wp-page\" data-elementor-id=\"4626\" class=\"elementor elementor-4626\">\n\t\t\t\t\t\t<section class=\"elementor-section elementor-top-section elementor-element elementor-element-4c184ea elementor-section-boxed elementor-section-height-default elementor-section-height-default\" data-id=\"4c184ea\" data-element_type=\"section\">\n\t\t\t\t\t\t<div class=\"elementor-container elementor-column-gap-default\">\n\t\t\t\t\t<div class=\"elementor-column elementor-col-100 elementor-top-column elementor-element elementor-element-a59cf3a\" data-id=\"a59cf3a\" data-element_type=\"column\">\n\t\t\t<div class=\"elementor-widget-wrap elementor-element-populated\">\n\t\t\t\t\t\t<div class=\"elementor-element elementor-element-56dd2d0 elementor-widget elementor-widget-heading\" data-id=\"56dd2d0\" data-element_type=\"widget\" data-widget_type=\"heading.default\">\n\t\t\t\t<div class=\"elementor-widget-container\">\n\t\t\t\t\t<h2 class=\"elementor-heading-title elementor-size-default\">Conditions d\u2019utilisation<\/h2>\t\t\t\t<\/div>\n\t\t\t\t<\/div>\n\t\t\t\t<section class=\"elementor-section elementor-inner-section elementor-element elementor-element-a141b33 elementor-section-boxed elementor-section-height-default elementor-section-height-default\" data-id=\"a141b33\" data-element_type=\"section\">\n\t\t\t\t\t\t<div class=\"elementor-container elementor-column-gap-default\">\n\t\t\t\t\t<div class=\"elementor-column elementor-col-100 elementor-inner-column elementor-element elementor-element-5780cb9\" data-id=\"5780cb9\" data-element_type=\"column\">\n\t\t\t<div class=\"elementor-widget-wrap elementor-element-populated\">\n\t\t\t\t\t\t<div class=\"elementor-element elementor-element-b2c109d elementor-widget elementor-widget-text-editor\" data-id=\"b2c109d\" data-element_type=\"widget\" data-widget_type=\"text-editor.default\">\n\t\t\t\t<div class=\"elementor-widget-container\">\n\t\t\t\t\t\t\t\t\t<p style=\"font-size: 14.5px;\"><strong style=\"direction: ltr !important; letter-spacing: initial !important;\">Conditions d\u2019utilisation :<\/strong><\/p><p style=\"font-size: 14.5px;\"><strong style=\"direction: ltr !important; letter-spacing: initial !important;\">Bienvenue dans la boutique en ligne de&nbsp;<\/strong>Maachabati.com<\/p><p style=\"font-size: 14.5px;\">Veuillez noter qu\u2019une fois que vous visitez notre site, vous acceptez toutes les conditions ci-dessous<\/p><p style=\"font-size: 14.5px;\"><strong style=\"direction: ltr !important; letter-spacing: initial !important;\">Approbation des ordres et d\u00e9tails du prix<\/strong><\/p><p style=\"font-size: 14.5px;\">Veuillez noter que dans certains cas, une demande peut ne pas \u00eatre accept\u00e9e pour plusieurs raisons. Les exploitants de sites conservent le droit de refuser ou d\u2019annuler toute demande pour quelque raison que ce soit \u00e0 tout moment. Avant d\u2019accepter la demande, nous pouvons vous demander de fournir des renseignements suppl\u00e9mentaires ou d\u2019autres donn\u00e9es pour v\u00e9rifier quelque chose, y compris &#8211; mais sans s\u2019y limiter, le num\u00e9ro de t\u00e9l\u00e9phone et l\u2019adresse.<\/p><p style=\"font-size: 14.5px;\">Nous sommes d\u00e9sireux de fournir les informations de prix les plus pr\u00e9cises \u00e0 tous les utilisateurs visitant le site. Parfois, cependant, des erreurs peuvent survenir, comme lorsque le prix du produit n\u2019est pas correctement d\u00e9termin\u00e9 sur le site. Nous nous r\u00e9servons donc le droit de refuser ou d\u2019annuler toute demande. Si le prix du produit n\u2019est pas correctement d\u00e9termin\u00e9, nous pouvons, \u00e0 notre discr\u00e9tion, vous contacter pour des instructions ou annuler votre commande et vous informer d\u2019une telle annulation. Nous avons le droit de refuser ou d\u2019annuler toute demande, qu\u2019elle soit confirm\u00e9e ou non.<\/p><p style=\"font-size: 14.5px;\"><strong style=\"direction: ltr !important; letter-spacing: initial !important;\">&nbsp;Marques de commerce et droits d\u2019auteur<\/strong><\/p><p style=\"font-size: 14.5px;\">Tous les droits de propri\u00e9t\u00e9 intellectuelle, qu\u2019ils soient enregistr\u00e9s ou non, sur le Site, et tous les contenus et informations de conception contenus sur le Site, sont notre propri\u00e9t\u00e9, y compris, mais sans s\u2019y limiter, le texte, les graphiques, les logiciels, les images, la vid\u00e9o, la musique et le son, leur s\u00e9lection et leur formatage, ainsi que toutes les compilations de logiciels, codes sources et logiciels majeurs. Tous les contenus du site sont \u00e9galement prot\u00e9g\u00e9s par le droit d\u2019auteur combin\u00e9 en une seule \u0153uvre. Tous droits r\u00e9serv\u00e9s<\/p><p style=\"font-size: 14.5px;\"><strong style=\"direction: ltr !important; letter-spacing: initial !important;\">Organes juridiques et judiciaires en vigueur<\/strong><\/p><p style=\"font-size: 14.5px;\">Ces Termes et Conditions doivent \u00eatre interpr\u00e9t\u00e9s et appliqu\u00e9s conform\u00e9ment aux lois du pays. Chaque partie accepte par la pr\u00e9sente de compara\u00eetre devant les tribunaux judiciaires du pays et de renoncer \u00e0 toute objection relative au lieu<strong style=\"direction: ltr !important; letter-spacing: initial !important;\">.<\/strong><\/p><p style=\"font-size: 14.5px;\"><strong style=\"direction: ltr !important; letter-spacing: initial !important;\">&nbsp;<\/strong><\/p>\t\t\t\t\t\t\t\t<\/div>\n\t\t\t\t<\/div>\n\t\t\t\t\t<\/div>\n\t\t<\/div>\n\t\t\t\t\t<\/div>\n\t\t<\/section>\n\t\t\t\t\t<\/div>\n\t\t<\/div>\n\t\t\t\t\t<\/div>\n\t\t<\/section>\n\t\t\t\t<\/div>\n\t\t","protected":false},"excerpt":{"rendered":"<p>Conditions d\u2019utilisation Conditions d\u2019utilisation : Bienvenue dans la boutique en ligne de&nbsp;Maachabati.com Veuillez noter qu\u2019une fois que vous visitez notre site, vous acceptez toutes les conditions ci-dessous Approbation des ordres et d\u00e9tails du prix Veuillez noter que dans certains cas, une demande peut ne pas \u00eatre accept\u00e9e pour plusieurs raisons. Les exploitants de sites conservent [&hellip;]<\/p>\n","protected":false},"author":1,"featured_media":0,"parent":0,"menu_order":0,"comment_status":"closed","ping_status":"closed","template":"","meta":{"footnotes":""},"class_list":["post-4626","page","type-page","status-publish","hentry"],"_links":{"self":[{"href":"https:\/\/lmzouar.com\/fr\/wp-json\/wp\/v2\/pages\/4626","targetHints":{"allow":["GET"]}}],"collection":[{"href":"https:\/\/lmzouar.com\/fr\/wp-json\/wp\/v2\/pages"}],"about":[{"href":"https:\/\/lmzouar.com\/fr\/wp-json\/wp\/v2\/types\/page"}],"author":[{"embeddable":true,"href":"https:\/\/lmzouar.com\/fr\/wp-json\/wp\/v2\/users\/1"}],"replies":[{"embeddable":true,"href":"https:\/\/lmzouar.com\/fr\/wp-json\/wp\/v2\/comments?post=4626"}],"version-history":[{"count":4,"href":"https:\/\/lmzouar.com\/fr\/wp-json\/wp\/v2\/pages\/4626\/revisions"}],"predecessor-version":[{"id":4630,"href":"https:\/\/lmzouar.com\/fr\/wp-json\/wp\/v2\/pages\/4626\/revisions\/4630"}],"wp:attachment":[{"href":"https:\/\/lmzouar.com\/fr\/wp-json\/wp\/v2\/media?parent=4626"}],"curies":[{"name":"wp","href":"https:\/\/api.w.org\/{rel}","templated":true}]}}