{"id":4189,"date":"2023-05-23T17:57:43","date_gmt":"2023-05-23T15:57:43","guid":{"rendered":"http:\/\/maachabati.com\/?post_type=product&#038;p=4189"},"modified":"2023-05-23T17:57:44","modified_gmt":"2023-05-23T15:57:44","slug":"leau-de-rose-est-distillee","status":"publish","type":"product","link":"https:\/\/lmzouar.com\/fr\/produit\/leau-de-rose-est-distillee\/","title":{"rendered":"L&rsquo;eau de Rose est Distill\u00e9e"},"content":{"rendered":"","protected":false},"excerpt":{"rendered":"<ul>\n<li><strong>Distill\u00e9 de mani\u00e8re traditionnelle, utile pour la chaleur et la fi\u00e8vre pour tous les cat\u00e9gories d&rsquo;age<\/strong><\/li>\n<li><strong>Aide \u00e0 se d\u00e9barrasser de la constipation<\/strong><\/li>\n<li><strong>Il est utilis\u00e9 pour m\u00e9langer les masques, utile pour les rides du visage<\/strong><\/li>\n<li><strong>Pour aider les peaux s\u00e8ches et endommag\u00e9es par le soleil \u00e0 se d\u00e9barrasser des impuret\u00e9s et donner de l&rsquo;\u00e9clat \u00e0 la peau<\/strong><\/li>\n<\/ul>\n","protected":false},"featured_media":4190,"template":"","meta":[],"product_brand":[],"product_cat":[221],"product_tag":[],"class_list":{"0":"post-4189","1":"product","2":"type-product","3":"status-publish","4":"has-post-thumbnail","6":"product_cat-221","8":"first","9":"instock","10":"sale","11":"shipping-taxable","12":"purchasable","13":"product-type-simple"},"_links":{"self":[{"href":"https:\/\/lmzouar.com\/fr\/wp-json\/wp\/v2\/product\/4189","targetHints":{"allow":["GET"]}}],"collection":[{"href":"https:\/\/lmzouar.com\/fr\/wp-json\/wp\/v2\/product"}],"about":[{"href":"https:\/\/lmzouar.com\/fr\/wp-json\/wp\/v2\/types\/product"}],"wp:featuredmedia":[{"embeddable":true,"href":"https:\/\/lmzouar.com\/fr\/wp-json\/wp\/v2\/media\/4190"}],"wp:attachment":[{"href":"https:\/\/lmzouar.com\/fr\/wp-json\/wp\/v2\/media?parent=4189"}],"wp:term":[{"taxonomy":"product_brand","embeddable":true,"href":"https:\/\/lmzouar.com\/fr\/wp-json\/wp\/v2\/product_brand?post=4189"},{"taxonomy":"product_cat","embeddable":true,"href":"https:\/\/lmzouar.com\/fr\/wp-json\/wp\/v2\/product_cat?post=4189"},{"taxonomy":"product_tag","embeddable":true,"href":"https:\/\/lmzouar.com\/fr\/wp-json\/wp\/v2\/product_tag?post=4189"}],"curies":[{"name":"wp","href":"https:\/\/api.w.org\/{rel}","templated":true}]}}