{"id":4194,"date":"2023-05-23T18:47:03","date_gmt":"2023-05-23T16:47:03","guid":{"rendered":"http:\/\/maachabati.com\/?post_type=product&#038;p=4194"},"modified":"2023-06-21T17:29:30","modified_gmt":"2023-06-21T15:29:30","slug":"capllaire-naturelle-a-la-noix-de-cajou","status":"publish","type":"product","link":"https:\/\/lmzouar.com\/fr\/produit\/capllaire-naturelle-a-la-noix-de-cajou\/","title":{"rendered":"Capllaire naturelle \u00e0 la noix de Cajou"},"content":{"rendered":"","protected":false},"excerpt":{"rendered":"<ul>\n<li>Pour teindre les cheveux naturellement et \u00e0 partir des racines<\/li>\n<li>Il donne plus de force aux cheveux et un \u00e9clat oblique \u00e0 la couleur utilis\u00e9e<\/li>\n<li>Couleur authentique sans produits chimiques (doit \u00eatre utilis\u00e9 3 fois ou plus)<\/li>\n<\/ul>\n","protected":false},"featured_media":4480,"template":"","meta":[],"product_brand":[],"product_cat":[221],"product_tag":[],"class_list":{"0":"post-4194","1":"product","2":"type-product","3":"status-publish","4":"has-post-thumbnail","6":"product_cat-221","8":"first","9":"instock","10":"sale","11":"shipping-taxable","12":"purchasable","13":"product-type-simple"},"_links":{"self":[{"href":"https:\/\/lmzouar.com\/fr\/wp-json\/wp\/v2\/product\/4194","targetHints":{"allow":["GET"]}}],"collection":[{"href":"https:\/\/lmzouar.com\/fr\/wp-json\/wp\/v2\/product"}],"about":[{"href":"https:\/\/lmzouar.com\/fr\/wp-json\/wp\/v2\/types\/product"}],"wp:featuredmedia":[{"embeddable":true,"href":"https:\/\/lmzouar.com\/fr\/wp-json\/wp\/v2\/media\/4480"}],"wp:attachment":[{"href":"https:\/\/lmzouar.com\/fr\/wp-json\/wp\/v2\/media?parent=4194"}],"wp:term":[{"taxonomy":"product_brand","embeddable":true,"href":"https:\/\/lmzouar.com\/fr\/wp-json\/wp\/v2\/product_brand?post=4194"},{"taxonomy":"product_cat","embeddable":true,"href":"https:\/\/lmzouar.com\/fr\/wp-json\/wp\/v2\/product_cat?post=4194"},{"taxonomy":"product_tag","embeddable":true,"href":"https:\/\/lmzouar.com\/fr\/wp-json\/wp\/v2\/product_tag?post=4194"}],"curies":[{"name":"wp","href":"https:\/\/api.w.org\/{rel}","templated":true}]}}