{"id":5779,"date":"2024-04-20T13:50:43","date_gmt":"2024-04-20T11:50:43","guid":{"rendered":"https:\/\/lmzouar.com\/product\/%d8%a7%d9%84%d9%81%d8%b7%d8%b1-%d8%a7%d9%84%d9%87%d9%86%d8%af%d9%8a\/"},"modified":"2024-05-19T13:18:15","modified_gmt":"2024-05-19T11:18:15","slug":"indian-mushrooms-kefir","status":"publish","type":"product","link":"https:\/\/lmzouar.com\/fr\/produit\/indian-mushrooms-kefir\/","title":{"rendered":"Indian Mushrooms"},"content":{"rendered":"","protected":false},"excerpt":{"rendered":"<ul>\n<li style=\"text-align: left;\">Il r\u00e9duit l&rsquo;incidence des tumeurs, des champignons et des germes<\/li>\n<li style=\"text-align: left;\">Il prot\u00e8ge contre le cancer et est \u00e9galement utilis\u00e9 comme traitement contre celui-ci<\/li>\n<li style=\"text-align: left;\">Il d\u00e9barrasse le corps des toxines et les expulse<\/li>\n<li style=\"text-align: left;\">Il renforce les os et le corps car il aide \u00e0 l&rsquo;absorption des prot\u00e9ines<\/li>\n<li style=\"text-align: left;\">Taite les probl\u00e8mes d\u2019allergies de toutes sor<\/li>\n<li style=\"text-align: left;\">Il r\u00e9duit l\u2019inflammation des articulations et traite les maladies rhumatismales<\/li>\n<li style=\"text-align: left;\">Il traite les spasmes de l&rsquo;estomac et des intestins, ainsi que la formation de tumeurs<\/li>\n<\/ul>\n","protected":false},"featured_media":5642,"template":"","meta":[],"product_brand":[],"product_cat":[236],"product_tag":[],"class_list":{"0":"post-5779","1":"product","2":"type-product","3":"status-publish","4":"has-post-thumbnail","6":"product_cat-herbes-capsules","8":"first","9":"instock","10":"sale","11":"shipping-taxable","12":"purchasable","13":"product-type-simple"},"_links":{"self":[{"href":"https:\/\/lmzouar.com\/fr\/wp-json\/wp\/v2\/product\/5779","targetHints":{"allow":["GET"]}}],"collection":[{"href":"https:\/\/lmzouar.com\/fr\/wp-json\/wp\/v2\/product"}],"about":[{"href":"https:\/\/lmzouar.com\/fr\/wp-json\/wp\/v2\/types\/product"}],"wp:featuredmedia":[{"embeddable":true,"href":"https:\/\/lmzouar.com\/fr\/wp-json\/wp\/v2\/media\/5642"}],"wp:attachment":[{"href":"https:\/\/lmzouar.com\/fr\/wp-json\/wp\/v2\/media?parent=5779"}],"wp:term":[{"taxonomy":"product_brand","embeddable":true,"href":"https:\/\/lmzouar.com\/fr\/wp-json\/wp\/v2\/product_brand?post=5779"},{"taxonomy":"product_cat","embeddable":true,"href":"https:\/\/lmzouar.com\/fr\/wp-json\/wp\/v2\/product_cat?post=5779"},{"taxonomy":"product_tag","embeddable":true,"href":"https:\/\/lmzouar.com\/fr\/wp-json\/wp\/v2\/product_tag?post=5779"}],"curies":[{"name":"wp","href":"https:\/\/api.w.org\/{rel}","templated":true}]}}