{"id":5782,"date":"2024-05-19T13:34:20","date_gmt":"2024-05-19T11:34:20","guid":{"rendered":"https:\/\/lmzouar.com\/?post_type=product&#038;p=5782"},"modified":"2024-05-19T14:10:33","modified_gmt":"2024-05-19T12:10:33","slug":"traitement-intestinal","status":"publish","type":"product","link":"https:\/\/lmzouar.com\/fr\/produit\/traitement-intestinal\/","title":{"rendered":"Traitement Intestinal"},"content":{"rendered":"","protected":false},"excerpt":{"rendered":"<p style=\"text-align: left;\"><span style=\"color: #99cc00;\">.<\/span><span style=\"color: #99cc00;\">Ces capsules sont prescrites pour traiter certains types de maladies intestinales apr\u00e8s diagnostic<\/span><\/p>\n<ul>\n<li style=\"text-align: left;\">Traiter les gaz intestinaux<\/li>\n<li style=\"text-align: left;\">\u00c9limine les ballonnements abdominaux<\/li>\n<li style=\"text-align: left;\">Traitement le syndrome du c\u00f4lon irritable<\/li>\n<li style=\"text-align: left;\">Il \u00e9limine les microbes f\u00e9caux r\u00e9sultant d&rsquo;un mauvais \u00e9tat intestinal<\/li>\n<\/ul>\n","protected":false},"featured_media":5634,"template":"","meta":[],"product_brand":[],"product_cat":[236],"product_tag":[],"class_list":{"0":"post-5782","1":"product","2":"type-product","3":"status-publish","4":"has-post-thumbnail","6":"product_cat-herbes-capsules","8":"first","9":"instock","10":"sale","11":"shipping-taxable","12":"purchasable","13":"product-type-simple"},"_links":{"self":[{"href":"https:\/\/lmzouar.com\/fr\/wp-json\/wp\/v2\/product\/5782","targetHints":{"allow":["GET"]}}],"collection":[{"href":"https:\/\/lmzouar.com\/fr\/wp-json\/wp\/v2\/product"}],"about":[{"href":"https:\/\/lmzouar.com\/fr\/wp-json\/wp\/v2\/types\/product"}],"wp:featuredmedia":[{"embeddable":true,"href":"https:\/\/lmzouar.com\/fr\/wp-json\/wp\/v2\/media\/5634"}],"wp:attachment":[{"href":"https:\/\/lmzouar.com\/fr\/wp-json\/wp\/v2\/media?parent=5782"}],"wp:term":[{"taxonomy":"product_brand","embeddable":true,"href":"https:\/\/lmzouar.com\/fr\/wp-json\/wp\/v2\/product_brand?post=5782"},{"taxonomy":"product_cat","embeddable":true,"href":"https:\/\/lmzouar.com\/fr\/wp-json\/wp\/v2\/product_cat?post=5782"},{"taxonomy":"product_tag","embeddable":true,"href":"https:\/\/lmzouar.com\/fr\/wp-json\/wp\/v2\/product_tag?post=5782"}],"curies":[{"name":"wp","href":"https:\/\/api.w.org\/{rel}","templated":true}]}}