{"id":5785,"date":"2024-05-19T16:16:22","date_gmt":"2024-05-19T14:16:22","guid":{"rendered":"https:\/\/lmzouar.com\/?post_type=product&#038;p=5785"},"modified":"2024-05-19T16:20:42","modified_gmt":"2024-05-19T14:20:42","slug":"confiture-indian-costus","status":"publish","type":"product","link":"https:\/\/lmzouar.com\/fr\/produit\/confiture-indian-costus\/","title":{"rendered":"Confiture Indian Costus"},"content":{"rendered":"","protected":false},"excerpt":{"rendered":"<p style=\"text-align: left;\"><span style=\"color: #99cc00;\">Ce produit est donn\u00e9 comme prescription principale pour le traitement de la toxicose et le renforcement de l&rsquo;immunit\u00e9 apr\u00e8s le diagnostic<\/span><\/p>\n<ul>\n<li style=\"text-align: left;\"><span style=\"color: #333333;\">Traite les allergies<\/span><\/li>\n<li style=\"text-align: left;\"><span style=\"color: #333333;\"> Stimulant immunitaire efficace<\/span><\/li>\n<li style=\"text-align: left;\"><span style=\"color: #333333;\">Traite les ulc\u00e8res d\u2019estomac<\/span><\/li>\n<li style=\"text-align: left;\"><span style=\"color: #333333;\"> Traite la non-absorption<\/span><\/li>\n<li style=\"text-align: left;\"><span style=\"color: #333333;\">Il est prescrit pour le traitement d&rsquo;une vaste gamme d&rsquo;autres maladies<\/span><\/li>\n<\/ul>\n","protected":false},"featured_media":5568,"template":"","meta":[],"product_brand":[],"product_cat":[237],"product_tag":[],"class_list":{"0":"post-5785","1":"product","2":"type-product","3":"status-publish","4":"has-post-thumbnail","6":"product_cat-maladies-repandues","8":"first","9":"instock","10":"sale","11":"shipping-taxable","12":"purchasable","13":"product-type-simple"},"_links":{"self":[{"href":"https:\/\/lmzouar.com\/fr\/wp-json\/wp\/v2\/product\/5785","targetHints":{"allow":["GET"]}}],"collection":[{"href":"https:\/\/lmzouar.com\/fr\/wp-json\/wp\/v2\/product"}],"about":[{"href":"https:\/\/lmzouar.com\/fr\/wp-json\/wp\/v2\/types\/product"}],"wp:featuredmedia":[{"embeddable":true,"href":"https:\/\/lmzouar.com\/fr\/wp-json\/wp\/v2\/media\/5568"}],"wp:attachment":[{"href":"https:\/\/lmzouar.com\/fr\/wp-json\/wp\/v2\/media?parent=5785"}],"wp:term":[{"taxonomy":"product_brand","embeddable":true,"href":"https:\/\/lmzouar.com\/fr\/wp-json\/wp\/v2\/product_brand?post=5785"},{"taxonomy":"product_cat","embeddable":true,"href":"https:\/\/lmzouar.com\/fr\/wp-json\/wp\/v2\/product_cat?post=5785"},{"taxonomy":"product_tag","embeddable":true,"href":"https:\/\/lmzouar.com\/fr\/wp-json\/wp\/v2\/product_tag?post=5785"}],"curies":[{"name":"wp","href":"https:\/\/api.w.org\/{rel}","templated":true}]}}