{"id":5789,"date":"2024-05-19T16:43:48","date_gmt":"2024-05-19T14:43:48","guid":{"rendered":"https:\/\/lmzouar.com\/?post_type=product&#038;p=5789"},"modified":"2024-05-19T16:43:48","modified_gmt":"2024-05-19T14:43:48","slug":"traitement-de-lacne","status":"publish","type":"product","link":"https:\/\/lmzouar.com\/fr\/produit\/traitement-de-lacne\/","title":{"rendered":"Traitement de L&rsquo;acn\u00e9"},"content":{"rendered":"","protected":false},"excerpt":{"rendered":"<p style=\"text-align: left;\"><span style=\"color: #99cc00;\">Ce produit est donn\u00e9 comme prescription principale pour le traitement de certains cas d&rsquo;acn\u00e9 apr\u00e8s le diagnostic<\/span><\/p>\n<ul>\n<li style=\"text-align: left;\">\u00c9limine l\u2019acn\u00e9 de la racine<\/li>\n<li style=\"text-align: left;\">R\u00e9duit l\u2019inflammation et la s\u00e9cr\u00e9tion de Gras<\/li>\n<li style=\"text-align: left;\">Se d\u00e9barrasse de la pourriture de l\u2019estomac<\/li>\n<li style=\"text-align: left;\">Traite l\u2019ovaire polykystique<\/li>\n<li style=\"text-align: left;\">\u00c9limine la douleur l\u2019urine<\/li>\n<\/ul>\n","protected":false},"featured_media":5533,"template":"","meta":[],"product_brand":[],"product_cat":[237],"product_tag":[],"class_list":{"0":"post-5789","1":"product","2":"type-product","3":"status-publish","4":"has-post-thumbnail","6":"product_cat-maladies-repandues","8":"first","9":"instock","10":"sale","11":"shipping-taxable","12":"purchasable","13":"product-type-simple"},"_links":{"self":[{"href":"https:\/\/lmzouar.com\/fr\/wp-json\/wp\/v2\/product\/5789","targetHints":{"allow":["GET"]}}],"collection":[{"href":"https:\/\/lmzouar.com\/fr\/wp-json\/wp\/v2\/product"}],"about":[{"href":"https:\/\/lmzouar.com\/fr\/wp-json\/wp\/v2\/types\/product"}],"wp:featuredmedia":[{"embeddable":true,"href":"https:\/\/lmzouar.com\/fr\/wp-json\/wp\/v2\/media\/5533"}],"wp:attachment":[{"href":"https:\/\/lmzouar.com\/fr\/wp-json\/wp\/v2\/media?parent=5789"}],"wp:term":[{"taxonomy":"product_brand","embeddable":true,"href":"https:\/\/lmzouar.com\/fr\/wp-json\/wp\/v2\/product_brand?post=5789"},{"taxonomy":"product_cat","embeddable":true,"href":"https:\/\/lmzouar.com\/fr\/wp-json\/wp\/v2\/product_cat?post=5789"},{"taxonomy":"product_tag","embeddable":true,"href":"https:\/\/lmzouar.com\/fr\/wp-json\/wp\/v2\/product_tag?post=5789"}],"curies":[{"name":"wp","href":"https:\/\/api.w.org\/{rel}","templated":true}]}}