{"id":5791,"date":"2024-05-19T16:51:02","date_gmt":"2024-05-19T14:51:02","guid":{"rendered":"https:\/\/lmzouar.com\/?post_type=product&#038;p=5791"},"modified":"2024-05-19T16:51:02","modified_gmt":"2024-05-19T14:51:02","slug":"traitement-rhumatoide","status":"publish","type":"product","link":"https:\/\/lmzouar.com\/fr\/produit\/traitement-rhumatoide\/","title":{"rendered":"Traitement Rhumato\u00efde"},"content":{"rendered":"","protected":false},"excerpt":{"rendered":"<p style=\"text-align: left;\"><span style=\"color: #99cc00;\">Ce produit est donn\u00e9 comme prescription principale pour le traitement des affections rhumato\u00efdes apr\u00e8s le diagnostic<\/span><\/p>\n<ul>\n<li style=\"text-align: left;\">Traite les douleurs lombaires<\/li>\n<li style=\"text-align: left;\">Traite les douleurs articulaires<\/li>\n<li style=\"text-align: left;\">Traite le corps froid<\/li>\n<li style=\"text-align: left;\">Traite les frissons circulatoires<\/li>\n<\/ul>\n","protected":false},"featured_media":5547,"template":"","meta":[],"product_brand":[],"product_cat":[237],"product_tag":[],"class_list":{"0":"post-5791","1":"product","2":"type-product","3":"status-publish","4":"has-post-thumbnail","6":"product_cat-maladies-repandues","8":"first","9":"instock","10":"sale","11":"shipping-taxable","12":"purchasable","13":"product-type-simple"},"_links":{"self":[{"href":"https:\/\/lmzouar.com\/fr\/wp-json\/wp\/v2\/product\/5791","targetHints":{"allow":["GET"]}}],"collection":[{"href":"https:\/\/lmzouar.com\/fr\/wp-json\/wp\/v2\/product"}],"about":[{"href":"https:\/\/lmzouar.com\/fr\/wp-json\/wp\/v2\/types\/product"}],"wp:featuredmedia":[{"embeddable":true,"href":"https:\/\/lmzouar.com\/fr\/wp-json\/wp\/v2\/media\/5547"}],"wp:attachment":[{"href":"https:\/\/lmzouar.com\/fr\/wp-json\/wp\/v2\/media?parent=5791"}],"wp:term":[{"taxonomy":"product_brand","embeddable":true,"href":"https:\/\/lmzouar.com\/fr\/wp-json\/wp\/v2\/product_brand?post=5791"},{"taxonomy":"product_cat","embeddable":true,"href":"https:\/\/lmzouar.com\/fr\/wp-json\/wp\/v2\/product_cat?post=5791"},{"taxonomy":"product_tag","embeddable":true,"href":"https:\/\/lmzouar.com\/fr\/wp-json\/wp\/v2\/product_tag?post=5791"}],"curies":[{"name":"wp","href":"https:\/\/api.w.org\/{rel}","templated":true}]}}