{"id":6072,"date":"2024-06-22T17:14:28","date_gmt":"2024-06-22T15:14:28","guid":{"rendered":"https:\/\/lmzouar.com\/?post_type=product&#038;p=6072"},"modified":"2024-06-22T17:30:43","modified_gmt":"2024-06-22T15:30:43","slug":"huile-damande-douce","status":"publish","type":"product","link":"https:\/\/lmzouar.com\/fr\/produit\/huile-damande-douce\/","title":{"rendered":"Huile d&rsquo;amande Douce"},"content":{"rendered":"","protected":false},"excerpt":{"rendered":"<p style=\"text-align: left;\"><strong><span style=\"color: #99cc00;\">Parmi les principaux bienfaits de l&rsquo;huile d&rsquo;amande douce<\/span><\/strong><\/p>\n<ul>\n<li style=\"text-align: left;\"><strong>Hydratation de la peau :<\/strong> Elle aide \u00e0 maintenir l&rsquo;hydratation de la peau et \u00e0 pr\u00e9venir son dess\u00e8chement<\/li>\n<li style=\"text-align: left;\"><strong>Apaisement de la peau irrit\u00e9e :<\/strong> Elle r\u00e9duit les inflammations cutan\u00e9es comme l&rsquo;ecz\u00e9ma et le psoriasis<\/li>\n<li style=\"text-align: left;\"><strong>\u00c9claircissement de la peau :<\/strong> Elle contribue \u00e0 r\u00e9duire les pigmentations et les taches sombres<\/li>\n<li style=\"text-align: left;\"><strong>Lutte contre les signes du vieillissement :<\/strong> Elle diminue l&rsquo;apparition des rides et des ridules gr\u00e2ce \u00e0 ses antioxydants<\/li>\n<li style=\"text-align: left;\"><strong>R\u00e9duction des cernes :<\/strong> Elle peut aider \u00e0 r\u00e9duire l&rsquo;apparence des cernes sous les yeux<\/li>\n<li style=\"text-align: left;\"><strong>Hydratation des cheveux :<\/strong> Elle traite les cheveux secs et ab\u00eem\u00e9s en leur donnant un \u00e9clat naturel<\/li>\n<li style=\"text-align: left;\"><strong>Favorisation de la croissance des cheveux :<\/strong> Elle aide \u00e0 favoriser la croissance des cheveux et \u00e0 pr\u00e9venir leur chute gr\u00e2ce \u00e0 sa richesse en vitamines et min\u00e9raux<\/li>\n<li style=\"text-align: left;\"><strong>Traitement des pellicules :<\/strong> Elle r\u00e9duit les pellicules et les irritations du cuir chevelu gr\u00e2ce \u00e0 ses propri\u00e9t\u00e9s anti-inflammatoires<\/li>\n<li style=\"text-align: left;\"><strong>D\u00e9maquillant naturel :<\/strong> Elle agit comme un d\u00e9maquillant efficace et doux sans ass\u00e9cher la peau<\/li>\n<li style=\"text-align: left;\"><strong>Nourrissage du cuir chevelu :<\/strong> Elle nourrit le cuir chevelu et am\u00e9liore sa sant\u00e9, ce qui contribue \u00e0 avoir des cheveux plus forts et plus sains<\/li>\n<\/ul>\n","protected":false},"featured_media":6001,"template":"","meta":[],"product_brand":[],"product_cat":[234],"product_tag":[],"class_list":{"0":"post-6072","1":"product","2":"type-product","3":"status-publish","4":"has-post-thumbnail","6":"product_cat-huiles-naturelles","8":"first","9":"instock","10":"sale","11":"shipping-taxable","12":"purchasable","13":"product-type-simple"},"_links":{"self":[{"href":"https:\/\/lmzouar.com\/fr\/wp-json\/wp\/v2\/product\/6072","targetHints":{"allow":["GET"]}}],"collection":[{"href":"https:\/\/lmzouar.com\/fr\/wp-json\/wp\/v2\/product"}],"about":[{"href":"https:\/\/lmzouar.com\/fr\/wp-json\/wp\/v2\/types\/product"}],"wp:featuredmedia":[{"embeddable":true,"href":"https:\/\/lmzouar.com\/fr\/wp-json\/wp\/v2\/media\/6001"}],"wp:attachment":[{"href":"https:\/\/lmzouar.com\/fr\/wp-json\/wp\/v2\/media?parent=6072"}],"wp:term":[{"taxonomy":"product_brand","embeddable":true,"href":"https:\/\/lmzouar.com\/fr\/wp-json\/wp\/v2\/product_brand?post=6072"},{"taxonomy":"product_cat","embeddable":true,"href":"https:\/\/lmzouar.com\/fr\/wp-json\/wp\/v2\/product_cat?post=6072"},{"taxonomy":"product_tag","embeddable":true,"href":"https:\/\/lmzouar.com\/fr\/wp-json\/wp\/v2\/product_tag?post=6072"}],"curies":[{"name":"wp","href":"https:\/\/api.w.org\/{rel}","templated":true}]}}