{"id":6073,"date":"2024-06-22T17:23:47","date_gmt":"2024-06-22T15:23:47","guid":{"rendered":"https:\/\/lmzouar.com\/?post_type=product&#038;p=6073"},"modified":"2024-06-22T17:26:24","modified_gmt":"2024-06-22T15:26:24","slug":"huile-de-glycerine","status":"publish","type":"product","link":"https:\/\/lmzouar.com\/fr\/produit\/huile-de-glycerine\/","title":{"rendered":"Huile de glyc\u00e9rine"},"content":{"rendered":"","protected":false},"excerpt":{"rendered":"<p style=\"text-align: left;\"><strong><span style=\"color: #99cc00;\">Parmi les principaux bienfaits de l&rsquo;huile de glyc\u00e9rine<\/span><\/strong><\/p>\n<ul>\n<li style=\"text-align: left;\"><strong>Promotion du renouvellement cellulaire :<\/strong> Elle aide \u00e0 acc\u00e9l\u00e9rer le processus de renouvellement des cellules de la peau, contribuant ainsi \u00e0 la gu\u00e9rison des petites coupures et \u00e9gratignures<\/li>\n<li style=\"text-align: left;\"><strong>Soulagement des coups de soleil :<\/strong> Elle peut aider \u00e0 apaiser la peau br\u00fbl\u00e9e par le soleil et \u00e0 r\u00e9duire la douleur et les rougeurs<\/li>\n<li style=\"text-align: left;\"><strong>Am\u00e9lioration de l&rsquo;apparence des cicatrices :<\/strong> Elle aide \u00e0 r\u00e9duire l&rsquo;apparence des cicatrices gr\u00e2ce \u00e0 ses propri\u00e9t\u00e9s hydratantes<\/li>\n<li style=\"text-align: left;\"><strong>Nettoyage de la peau :<\/strong> Elle agit comme un nettoyant doux pour la peau, \u00e9liminant les impuret\u00e9s et l&rsquo;exc\u00e8s de s\u00e9bum sans provoquer de dess\u00e8chement<\/li>\n<li style=\"text-align: left;\"><strong>Renforcement de la sant\u00e9 des ongles :<\/strong> Elle aide \u00e0 hydrater et nourrir les ongles et la peau environnante, pr\u00e9venant ainsi leur casse et fissuration<\/li>\n<li style=\"text-align: left;\"><strong>Am\u00e9lioration de la flexibilit\u00e9 des cheveux :<\/strong> Elle rend les cheveux plus souples et plus faciles \u00e0 coiffer<\/li>\n<li style=\"text-align: left;\"><strong>Lutte contre les n\u0153uds dans les cheveux :<\/strong> Elle aide \u00e0 d\u00e9m\u00ealer les cheveux facilement, r\u00e9duisant ainsi les dommages lors du brossage<\/li>\n<li style=\"text-align: left;\"><strong>\u00c9claircissement de la peau :<\/strong> Elle aide \u00e0 \u00e9claircir la peau et \u00e0 r\u00e9duire les pigmentations et les taches sombres<\/li>\n<li style=\"text-align: left;\"><strong>Soulagement de l&rsquo;irritation du cuir chevelu :<\/strong> Elle r\u00e9duit l&rsquo;irritation et les d\u00e9mangeaisons caus\u00e9es par les pellicules ou la s\u00e9cheresse<\/li>\n<li style=\"text-align: left;\"><strong>Ajout de brillance aux cheveux :<\/strong> Elle donne aux cheveux une brillance naturelle et saine<\/li>\n<li style=\"text-align: left;\"><strong>Utilisation comme base pour les produits cosm\u00e9tiques :<\/strong> Elle est un ingr\u00e9dient essentiel dans de nombreux produits cosm\u00e9tiques et cr\u00e8mes en raison de ses propri\u00e9t\u00e9s hydratantes et apaisantes<\/li>\n<\/ul>\n","protected":false},"featured_media":6024,"template":"","meta":[],"product_brand":[],"product_cat":[234],"product_tag":[],"class_list":{"0":"post-6073","1":"product","2":"type-product","3":"status-publish","4":"has-post-thumbnail","6":"product_cat-huiles-naturelles","8":"first","9":"instock","10":"sale","11":"shipping-taxable","12":"purchasable","13":"product-type-simple"},"_links":{"self":[{"href":"https:\/\/lmzouar.com\/fr\/wp-json\/wp\/v2\/product\/6073","targetHints":{"allow":["GET"]}}],"collection":[{"href":"https:\/\/lmzouar.com\/fr\/wp-json\/wp\/v2\/product"}],"about":[{"href":"https:\/\/lmzouar.com\/fr\/wp-json\/wp\/v2\/types\/product"}],"wp:featuredmedia":[{"embeddable":true,"href":"https:\/\/lmzouar.com\/fr\/wp-json\/wp\/v2\/media\/6024"}],"wp:attachment":[{"href":"https:\/\/lmzouar.com\/fr\/wp-json\/wp\/v2\/media?parent=6073"}],"wp:term":[{"taxonomy":"product_brand","embeddable":true,"href":"https:\/\/lmzouar.com\/fr\/wp-json\/wp\/v2\/product_brand?post=6073"},{"taxonomy":"product_cat","embeddable":true,"href":"https:\/\/lmzouar.com\/fr\/wp-json\/wp\/v2\/product_cat?post=6073"},{"taxonomy":"product_tag","embeddable":true,"href":"https:\/\/lmzouar.com\/fr\/wp-json\/wp\/v2\/product_tag?post=6073"}],"curies":[{"name":"wp","href":"https:\/\/api.w.org\/{rel}","templated":true}]}}