{"id":6075,"date":"2024-06-22T17:39:59","date_gmt":"2024-06-22T15:39:59","guid":{"rendered":"https:\/\/lmzouar.com\/?post_type=product&#038;p=6075"},"modified":"2024-06-22T17:39:59","modified_gmt":"2024-06-22T15:39:59","slug":"huile-de-romarin","status":"publish","type":"product","link":"https:\/\/lmzouar.com\/fr\/produit\/huile-de-romarin\/","title":{"rendered":"Huile de romarin"},"content":{"rendered":"","protected":false},"excerpt":{"rendered":"<p style=\"text-align: left;\"><strong><span style=\"color: #99cc00;\">Parmi les principaux bienfaits de l&rsquo;huile de romarin\u00a0<\/span><\/strong><\/p>\n<ul>\n<li style=\"text-align: left;\"><strong>Renforcement de la m\u00e9moire :<\/strong> On croit que le romarin am\u00e9liore la m\u00e9moire et stimule les fonctions c\u00e9r\u00e9brales<\/li>\n<li style=\"text-align: left;\"><strong>Anti-inflammatoire :<\/strong> Le romarin contient des compos\u00e9s qui aident \u00e0 combattre les inflammations dans le corps<\/li>\n<li style=\"text-align: left;\"><strong>Soulagement des troubles digestifs :<\/strong> Le romarin est parfois utilis\u00e9 pour apaiser les troubles digestifs tels que les ballonnements et les naus\u00e9es<\/li>\n<li style=\"text-align: left;\"><strong>R\u00e9gulation des niveaux de sucre dans le sang :<\/strong> On pense que le romarin aide \u00e0 am\u00e9liorer le contr\u00f4le des niveaux de sucre dans le sang<\/li>\n<li style=\"text-align: left;\"><strong>Soulagement des maux de t\u00eate :<\/strong> Certaines personnes utilisent l&rsquo;inhalation de l&rsquo;ar\u00f4me de romarin pour soulager les maux de t\u00eate et calmer les nerfs<\/li>\n<li style=\"text-align: left;\"><strong>Am\u00e9lioration de la sant\u00e9 cardiaque :<\/strong> On croit que l&rsquo;utilisation du romarin peut am\u00e9liorer la circulation sanguine et la sant\u00e9 cardiaque<\/li>\n<li style=\"text-align: left;\"><strong>Renforcement du syst\u00e8me immunitaire :<\/strong> Les feuilles de romarin contiennent des antioxydants qui renforcent la sant\u00e9 du syst\u00e8me immunitaire<\/li>\n<li style=\"text-align: left;\"><strong>Soulagement des douleurs articulaires :<\/strong> On pense que le romarin a des propri\u00e9t\u00e9s analg\u00e9siques et peut \u00eatre utilis\u00e9 pour soulager les douleurs articulaires<\/li>\n<li style=\"text-align: left;\"><strong>Nettoyage de la peau :<\/strong> Le romarin est parfois utilis\u00e9 dans les formulations de soins de la peau pour la nettoyer et la purifier<\/li>\n<li style=\"text-align: left;\"><strong>Am\u00e9lioration de la concentration et de l&rsquo;attention :<\/strong> On croit que l&rsquo;ar\u00f4me de romarin aide \u00e0 am\u00e9liorer la concentration et l&rsquo;attention en stimulant le cerveau<\/li>\n<\/ul>\n","protected":false},"featured_media":6017,"template":"","meta":[],"product_brand":[],"product_cat":[234],"product_tag":[],"class_list":{"0":"post-6075","1":"product","2":"type-product","3":"status-publish","4":"has-post-thumbnail","6":"product_cat-huiles-naturelles","8":"first","9":"instock","10":"sale","11":"shipping-taxable","12":"purchasable","13":"product-type-simple"},"_links":{"self":[{"href":"https:\/\/lmzouar.com\/fr\/wp-json\/wp\/v2\/product\/6075","targetHints":{"allow":["GET"]}}],"collection":[{"href":"https:\/\/lmzouar.com\/fr\/wp-json\/wp\/v2\/product"}],"about":[{"href":"https:\/\/lmzouar.com\/fr\/wp-json\/wp\/v2\/types\/product"}],"wp:featuredmedia":[{"embeddable":true,"href":"https:\/\/lmzouar.com\/fr\/wp-json\/wp\/v2\/media\/6017"}],"wp:attachment":[{"href":"https:\/\/lmzouar.com\/fr\/wp-json\/wp\/v2\/media?parent=6075"}],"wp:term":[{"taxonomy":"product_brand","embeddable":true,"href":"https:\/\/lmzouar.com\/fr\/wp-json\/wp\/v2\/product_brand?post=6075"},{"taxonomy":"product_cat","embeddable":true,"href":"https:\/\/lmzouar.com\/fr\/wp-json\/wp\/v2\/product_cat?post=6075"},{"taxonomy":"product_tag","embeddable":true,"href":"https:\/\/lmzouar.com\/fr\/wp-json\/wp\/v2\/product_tag?post=6075"}],"curies":[{"name":"wp","href":"https:\/\/api.w.org\/{rel}","templated":true}]}}