{"id":6076,"date":"2024-06-22T18:45:27","date_gmt":"2024-06-22T16:45:27","guid":{"rendered":"https:\/\/lmzouar.com\/?post_type=product&#038;p=6076"},"modified":"2024-06-22T18:45:27","modified_gmt":"2024-06-22T16:45:27","slug":"huile-deucalyptus","status":"publish","type":"product","link":"https:\/\/lmzouar.com\/fr\/produit\/huile-deucalyptus\/","title":{"rendered":"Huile d&rsquo;eucalyptus"},"content":{"rendered":"","protected":false},"excerpt":{"rendered":"<p style=\"text-align: left;\"><strong><span style=\"color: #99cc00;\">Parmi les principaux bienfaits de l&rsquo;huile d&rsquo;eucalyptus<\/span><\/strong><\/p>\n<ul>\n<li style=\"text-align: left;\"><strong>Purification de l&rsquo;air :<\/strong> L&rsquo;huile d&rsquo;eucalyptus aide \u00e0 purifier l&rsquo;air des bact\u00e9ries, virus et germes, am\u00e9liorant ainsi la sant\u00e9 g\u00e9n\u00e9rale et la qualit\u00e9 de l&rsquo;air<\/li>\n<li style=\"text-align: left;\"><strong>Activation de la respiration :<\/strong> Elle contribue \u00e0 \u00e9largir les voies respiratoires et \u00e0 faciliter la respiration, ce qui est b\u00e9n\u00e9fique en cas de rhume, de refroidissement et d&rsquo;infections respiratoires<\/li>\n<li style=\"text-align: left;\"><strong>Soulagement de la congestion nasale :<\/strong> L&rsquo;huile d&rsquo;eucalyptus peut \u00eatre utilis\u00e9e comme d\u00e9congestionnant naturel pour soulager la congestion nasale<\/li>\n<li style=\"text-align: left;\"><strong>Apaisement des d\u00e9mangeaisons et des irritations :<\/strong> Elle apaise les d\u00e9mangeaisons et les irritations cutan\u00e9es, et peut \u00eatre utilis\u00e9e pour traiter les \u00e9ruptions cutan\u00e9es et les inflammations de la peau<\/li>\n<li style=\"text-align: left;\"><strong>Soulagement de la douleur :<\/strong> L&rsquo;huile d&rsquo;eucalyptus poss\u00e8de des propri\u00e9t\u00e9s analg\u00e9siques et peut \u00eatre utilis\u00e9e pour soulager les douleurs musculaires et articulaires<\/li>\n<li style=\"text-align: left;\"><strong>Am\u00e9lioration de la concentration et de l&rsquo;attention :<\/strong> Son ar\u00f4me est un stimulant mental, aidant \u00e0 am\u00e9liorer la concentration et l&rsquo;attention<\/li>\n<li style=\"text-align: left;\"><strong>Promotion de la relaxation :<\/strong> Elle peut \u00eatre utilis\u00e9e en aromath\u00e9rapie pour favoriser la relaxation et la tranquillit\u00e9 mentale<\/li>\n<li style=\"text-align: left;\"><strong>Lutte contre les infections cutan\u00e9es :<\/strong> Elle aide \u00e0 traiter les infections cutan\u00e9es comme l&rsquo;acn\u00e9, l&rsquo;ecz\u00e9ma et le psoriasis<\/li>\n<li style=\"text-align: left;\"><strong>Hygi\u00e8ne bucco-dentaire :<\/strong> L&rsquo;huile d&rsquo;eucalyptus peut \u00eatre utilis\u00e9e dans les bains de bouche pour tuer les bact\u00e9ries nocives et nettoyer la bouche et les dents<\/li>\n<li style=\"text-align: left;\"><strong>Soulagement des maux de t\u00eate :<\/strong> Elle peut \u00eatre utilis\u00e9e pour soulager les maux de t\u00eate et r\u00e9duire la pression et le stress<\/li>\n<\/ul>\n","protected":false},"featured_media":6005,"template":"","meta":[],"product_brand":[],"product_cat":[234],"product_tag":[],"class_list":{"0":"post-6076","1":"product","2":"type-product","3":"status-publish","4":"has-post-thumbnail","6":"product_cat-huiles-naturelles","8":"first","9":"instock","10":"sale","11":"shipping-taxable","12":"purchasable","13":"product-type-simple"},"_links":{"self":[{"href":"https:\/\/lmzouar.com\/fr\/wp-json\/wp\/v2\/product\/6076","targetHints":{"allow":["GET"]}}],"collection":[{"href":"https:\/\/lmzouar.com\/fr\/wp-json\/wp\/v2\/product"}],"about":[{"href":"https:\/\/lmzouar.com\/fr\/wp-json\/wp\/v2\/types\/product"}],"wp:featuredmedia":[{"embeddable":true,"href":"https:\/\/lmzouar.com\/fr\/wp-json\/wp\/v2\/media\/6005"}],"wp:attachment":[{"href":"https:\/\/lmzouar.com\/fr\/wp-json\/wp\/v2\/media?parent=6076"}],"wp:term":[{"taxonomy":"product_brand","embeddable":true,"href":"https:\/\/lmzouar.com\/fr\/wp-json\/wp\/v2\/product_brand?post=6076"},{"taxonomy":"product_cat","embeddable":true,"href":"https:\/\/lmzouar.com\/fr\/wp-json\/wp\/v2\/product_cat?post=6076"},{"taxonomy":"product_tag","embeddable":true,"href":"https:\/\/lmzouar.com\/fr\/wp-json\/wp\/v2\/product_tag?post=6076"}],"curies":[{"name":"wp","href":"https:\/\/api.w.org\/{rel}","templated":true}]}}