{"id":6077,"date":"2024-06-22T18:54:39","date_gmt":"2024-06-22T16:54:39","guid":{"rendered":"https:\/\/lmzouar.com\/?post_type=product&#038;p=6077"},"modified":"2024-06-22T18:54:39","modified_gmt":"2024-06-22T16:54:39","slug":"huile-de-camomille","status":"publish","type":"product","link":"https:\/\/lmzouar.com\/fr\/produit\/huile-de-camomille\/","title":{"rendered":"Huile de camomille"},"content":{"rendered":"","protected":false},"excerpt":{"rendered":"<p style=\"text-align: left;\"><strong><span style=\"color: #99cc00;\">Parmi les principaux bienfaits de l&rsquo;huile de camomille<\/span><\/strong><\/p>\n<ul>\n<li style=\"text-align: left;\"><strong>Apaisement des nerfs :<\/strong> L&rsquo;huile de camomille est connue pour ses propri\u00e9t\u00e9s apaisantes, et peut \u00eatre utilis\u00e9e pour r\u00e9duire le stress et l&rsquo;anxi\u00e9t\u00e9<\/li>\n<li style=\"text-align: left;\"><strong>Am\u00e9lioration du sommeil :<\/strong> Elle aide \u00e0 am\u00e9liorer la qualit\u00e9 du sommeil et \u00e0 calmer l&rsquo;esprit, ce qui est b\u00e9n\u00e9fique pour les personnes souffrant d&rsquo;insomnie<\/li>\n<li style=\"text-align: left;\"><strong>Soulagement des maux de t\u00eate :<\/strong> L&rsquo;huile de camomille peut \u00eatre utilis\u00e9e pour soulager les maux de t\u00eate et apaiser le syst\u00e8me nerveux<\/li>\n<li style=\"text-align: left;\"><strong>Apaisement du syst\u00e8me digestif :<\/strong> Elle est utile pour apaiser le syst\u00e8me digestif, r\u00e9duire les naus\u00e9es et diminuer les ballonnements<\/li>\n<li style=\"text-align: left;\"><strong>Soulagement des douleurs musculaires :<\/strong> Elle peut \u00eatre utilis\u00e9e comme huile de massage pour soulager la tension musculaire et r\u00e9duire les douleurs<\/li>\n<li style=\"text-align: left;\"><strong>Renforcement du syst\u00e8me immunitaire :<\/strong> L&rsquo;huile de camomille contient des antioxydants qui renforcent la sant\u00e9 du syst\u00e8me immunitaire<\/li>\n<li style=\"text-align: left;\"><strong>R\u00e9duction des irritations cutan\u00e9es :<\/strong> Elle peut \u00eatre utilis\u00e9e pour apaiser les irritations cutan\u00e9es telles que les d\u00e9mangeaisons et les rougeurs<\/li>\n<li style=\"text-align: left;\"><strong>R\u00e9gulation du cycle menstruel :<\/strong> On croit que l&rsquo;huile de camomille peut aider \u00e0 r\u00e9guler le cycle menstruel et \u00e0 soulager les douleurs associ\u00e9es<\/li>\n<li style=\"text-align: left;\"><strong>Am\u00e9lioration de la sant\u00e9 de la peau :<\/strong> Elle peut \u00eatre utilis\u00e9e dans les formulations de soins de la peau pour hydrater et apaiser la peau<\/li>\n<li style=\"text-align: left;\"><strong>Soulagement des inflammations respiratoires :<\/strong> Elle est parfois utilis\u00e9e pour soulager les inflammations des voies respiratoires, calmer la toux et r\u00e9duire la congestion nasale<\/li>\n<\/ul>\n","protected":false},"featured_media":6019,"template":"","meta":[],"product_brand":[],"product_cat":[234],"product_tag":[],"class_list":{"0":"post-6077","1":"product","2":"type-product","3":"status-publish","4":"has-post-thumbnail","6":"product_cat-huiles-naturelles","8":"first","9":"instock","10":"sale","11":"shipping-taxable","12":"purchasable","13":"product-type-simple"},"_links":{"self":[{"href":"https:\/\/lmzouar.com\/fr\/wp-json\/wp\/v2\/product\/6077","targetHints":{"allow":["GET"]}}],"collection":[{"href":"https:\/\/lmzouar.com\/fr\/wp-json\/wp\/v2\/product"}],"about":[{"href":"https:\/\/lmzouar.com\/fr\/wp-json\/wp\/v2\/types\/product"}],"wp:featuredmedia":[{"embeddable":true,"href":"https:\/\/lmzouar.com\/fr\/wp-json\/wp\/v2\/media\/6019"}],"wp:attachment":[{"href":"https:\/\/lmzouar.com\/fr\/wp-json\/wp\/v2\/media?parent=6077"}],"wp:term":[{"taxonomy":"product_brand","embeddable":true,"href":"https:\/\/lmzouar.com\/fr\/wp-json\/wp\/v2\/product_brand?post=6077"},{"taxonomy":"product_cat","embeddable":true,"href":"https:\/\/lmzouar.com\/fr\/wp-json\/wp\/v2\/product_cat?post=6077"},{"taxonomy":"product_tag","embeddable":true,"href":"https:\/\/lmzouar.com\/fr\/wp-json\/wp\/v2\/product_tag?post=6077"}],"curies":[{"name":"wp","href":"https:\/\/api.w.org\/{rel}","templated":true}]}}