{"id":6078,"date":"2024-06-22T18:58:41","date_gmt":"2024-06-22T16:58:41","guid":{"rendered":"https:\/\/lmzouar.com\/?post_type=product&#038;p=6078"},"modified":"2024-06-22T18:58:41","modified_gmt":"2024-06-22T16:58:41","slug":"huile-de-nigelle-cultivee","status":"publish","type":"product","link":"https:\/\/lmzouar.com\/fr\/produit\/huile-de-nigelle-cultivee\/","title":{"rendered":"Huile de Nigelle Cultiv\u00e9e"},"content":{"rendered":"","protected":false},"excerpt":{"rendered":"<p style=\"text-align: left;\"><span style=\"color: #99cc00;\"><strong>Parmi les principaux bienfaits de l&rsquo;huile de nigelle<\/strong><\/span><\/p>\n<ul>\n<li style=\"text-align: left;\"><strong>Hydratation de la peau :<\/strong> L&rsquo;huile de nigelle contient des acides gras qui aident \u00e0 hydrater la peau et \u00e0 pr\u00e9venir son dess\u00e8chement<\/li>\n<li style=\"text-align: left;\"><strong>R\u00e9duction des cernes :<\/strong> Elle peut aider \u00e0 r\u00e9duire l&rsquo;apparition des cernes sous les yeux gr\u00e2ce \u00e0 ses propri\u00e9t\u00e9s anti-inflammatoires et nourrissantes<\/li>\n<li style=\"text-align: left;\"><strong>Lutte contre l&rsquo;acn\u00e9 :<\/strong> Elle poss\u00e8de des propri\u00e9t\u00e9s antibact\u00e9riennes et anti-inflammatoires qui aident \u00e0 r\u00e9duire l&rsquo;acn\u00e9 et les boutons<\/li>\n<li style=\"text-align: left;\"><strong>Am\u00e9lioration de l&rsquo;\u00e9lasticit\u00e9 de la peau :<\/strong> Elle am\u00e9liore l&rsquo;\u00e9lasticit\u00e9 de la peau et la rend plus douce gr\u00e2ce \u00e0 sa teneur en vitamine E et en acides amin\u00e9s<\/li>\n<li style=\"text-align: left;\"><strong>R\u00e9duction des inflammations cutan\u00e9es :<\/strong> Elle aide \u00e0 apaiser les inflammations cutan\u00e9es telles que l&rsquo;ecz\u00e9ma et le psoriasis gr\u00e2ce \u00e0 ses propri\u00e9t\u00e9s anti-inflammatoires<\/li>\n<li style=\"text-align: left;\"><strong>Lutte contre les signes de vieillissement :<\/strong> Elle contient des antioxydants qui aident \u00e0 r\u00e9duire l&rsquo;apparition des rides et des ridules<\/li>\n<li style=\"text-align: left;\"><strong>Acc\u00e9l\u00e9ration de la cicatrisation des plaies :<\/strong> Elle contribue \u00e0 acc\u00e9l\u00e9rer le processus de cicatrisation des petites plaies et \u00e9gratignures gr\u00e2ce \u00e0 ses propri\u00e9t\u00e9s antibact\u00e9riennes<\/li>\n<li style=\"text-align: left;\"><strong>\u00c9claircissement de la peau :<\/strong> Elle aide \u00e0 \u00e9claircir la peau, \u00e0 unifier son teint et \u00e0 r\u00e9duire les pigmentations<\/li>\n<li style=\"text-align: left;\"><strong>Traitement des maladies de la peau :<\/strong> Elle peut aider \u00e0 traiter les maladies de la peau telles que les infections fongiques et le psoriasis gr\u00e2ce \u00e0 ses propri\u00e9t\u00e9s antimicrobiennes<\/li>\n<li style=\"text-align: left;\"><strong>R\u00e9duction des d\u00e9mangeaisons :<\/strong> Elle aide \u00e0 apaiser la peau irrit\u00e9e et \u00e0 r\u00e9duire les d\u00e9mangeaisons caus\u00e9es par les inflammations cutan\u00e9es ou les allergies<\/li>\n<\/ul>\n","protected":false},"featured_media":5995,"template":"","meta":[],"product_brand":[],"product_cat":[234],"product_tag":[],"class_list":{"0":"post-6078","1":"product","2":"type-product","3":"status-publish","4":"has-post-thumbnail","6":"product_cat-huiles-naturelles","8":"first","9":"instock","10":"sale","11":"shipping-taxable","12":"purchasable","13":"product-type-simple"},"_links":{"self":[{"href":"https:\/\/lmzouar.com\/fr\/wp-json\/wp\/v2\/product\/6078","targetHints":{"allow":["GET"]}}],"collection":[{"href":"https:\/\/lmzouar.com\/fr\/wp-json\/wp\/v2\/product"}],"about":[{"href":"https:\/\/lmzouar.com\/fr\/wp-json\/wp\/v2\/types\/product"}],"wp:featuredmedia":[{"embeddable":true,"href":"https:\/\/lmzouar.com\/fr\/wp-json\/wp\/v2\/media\/5995"}],"wp:attachment":[{"href":"https:\/\/lmzouar.com\/fr\/wp-json\/wp\/v2\/media?parent=6078"}],"wp:term":[{"taxonomy":"product_brand","embeddable":true,"href":"https:\/\/lmzouar.com\/fr\/wp-json\/wp\/v2\/product_brand?post=6078"},{"taxonomy":"product_cat","embeddable":true,"href":"https:\/\/lmzouar.com\/fr\/wp-json\/wp\/v2\/product_cat?post=6078"},{"taxonomy":"product_tag","embeddable":true,"href":"https:\/\/lmzouar.com\/fr\/wp-json\/wp\/v2\/product_tag?post=6078"}],"curies":[{"name":"wp","href":"https:\/\/api.w.org\/{rel}","templated":true}]}}