{"id":6079,"date":"2024-06-22T19:06:56","date_gmt":"2024-06-22T17:06:56","guid":{"rendered":"https:\/\/lmzouar.com\/?post_type=product&#038;p=6079"},"modified":"2024-06-22T19:06:56","modified_gmt":"2024-06-22T17:06:56","slug":"huile-de-chanvre-indien","status":"publish","type":"product","link":"https:\/\/lmzouar.com\/fr\/produit\/huile-de-chanvre-indien\/","title":{"rendered":"Huile de chanvre indien"},"content":{"rendered":"","protected":false},"excerpt":{"rendered":"<p style=\"text-align: left;\"><span style=\"color: #99cc00;\"><strong>Parmi les principaux bienfaits du cannabis<\/strong><\/span><\/p>\n<ul>\n<li style=\"text-align: left;\"><strong>Aide \u00e0 contr\u00f4ler les crises d&rsquo;\u00e9pilepsie :<\/strong> Il peut \u00eatre efficace pour r\u00e9duire la fr\u00e9quence des crises chez les personnes \u00e9pileptiques<\/li>\n<li style=\"text-align: left;\"><strong>Aide \u00e0 combattre le cancer :<\/strong> Certaines \u00e9tudes sugg\u00e8rent que le cannabis peut aider \u00e0 lutter contre la croissance des cellules canc\u00e9reuses<\/li>\n<li style=\"text-align: left;\"><strong>R\u00e9duit l&rsquo;anxi\u00e9t\u00e9 :<\/strong> L&rsquo;huile de cannabis a des propri\u00e9t\u00e9s qui aident \u00e0 r\u00e9duire l&rsquo;anxi\u00e9t\u00e9<\/li>\n<li style=\"text-align: left;\"><strong>R\u00e9duit l&rsquo;inflammation cutan\u00e9e :<\/strong> Utile pour les personnes souffrant de psoriasis et d&rsquo;autres maladies inflammatoires de la peau<\/li>\n<li style=\"text-align: left;\"><strong>Soulage les sympt\u00f4mes associ\u00e9s aux troubles de l&rsquo;usage de substances :<\/strong> Tels que l&rsquo;anxi\u00e9t\u00e9, les troubles de l&rsquo;humeur, l&rsquo;insomnie et la douleur<\/li>\n<li style=\"text-align: left;\"><strong>Peut ralentir l&rsquo;apparition et la progression de la maladie d&rsquo;Alzheimer :<\/strong> Certaines \u00e9tudes indiquent que le cannabis pourrait jouer un r\u00f4le \u00e0 cet \u00e9gard<\/li>\n<li style=\"text-align: left;\"><strong>Prot\u00e8ge ou retarde l&rsquo;apparition du diab\u00e8te de type 1 :<\/strong> Gr\u00e2ce \u00e0 sa capacit\u00e9 \u00e0 r\u00e9duire l&rsquo;inflammation, selon certains chercheurs<\/li>\n<li style=\"text-align: left;\"><strong>R\u00e9duit les sympt\u00f4mes de l&rsquo;\u00e9pilepsie :<\/strong> L&rsquo;utilisation de la substance active CBD de l&rsquo;huile de cannabis a \u00e9t\u00e9 approuv\u00e9e pour traiter les crises d&rsquo;\u00e9pilepsie<\/li>\n<li style=\"text-align: left;\"><strong>Am\u00e9liore l&rsquo;\u00e9tat des cheveux et de la peau :<\/strong> L&rsquo;huile de cannabis contient des om\u00e9ga-3 et om\u00e9ga-6, qui sont des acides gras essentiels jouant un r\u00f4le important dans la sant\u00e9 du corps.<\/li>\n<li style=\"text-align: left;\">Ils aident \u00e0 am\u00e9liorer la sant\u00e9 des cheveux, traitent les pointes fourchues et les cheveux cr\u00e9pus, favorisent la croissance des cheveux, et renforcent les ongles en les prot\u00e9geant contre la casse<\/li>\n<\/ul>\n","protected":false},"featured_media":5991,"template":"","meta":[],"product_brand":[],"product_cat":[234],"product_tag":[],"class_list":{"0":"post-6079","1":"product","2":"type-product","3":"status-publish","4":"has-post-thumbnail","6":"product_cat-huiles-naturelles","8":"first","9":"instock","10":"sale","11":"shipping-taxable","12":"purchasable","13":"product-type-simple"},"_links":{"self":[{"href":"https:\/\/lmzouar.com\/fr\/wp-json\/wp\/v2\/product\/6079","targetHints":{"allow":["GET"]}}],"collection":[{"href":"https:\/\/lmzouar.com\/fr\/wp-json\/wp\/v2\/product"}],"about":[{"href":"https:\/\/lmzouar.com\/fr\/wp-json\/wp\/v2\/types\/product"}],"wp:featuredmedia":[{"embeddable":true,"href":"https:\/\/lmzouar.com\/fr\/wp-json\/wp\/v2\/media\/5991"}],"wp:attachment":[{"href":"https:\/\/lmzouar.com\/fr\/wp-json\/wp\/v2\/media?parent=6079"}],"wp:term":[{"taxonomy":"product_brand","embeddable":true,"href":"https:\/\/lmzouar.com\/fr\/wp-json\/wp\/v2\/product_brand?post=6079"},{"taxonomy":"product_cat","embeddable":true,"href":"https:\/\/lmzouar.com\/fr\/wp-json\/wp\/v2\/product_cat?post=6079"},{"taxonomy":"product_tag","embeddable":true,"href":"https:\/\/lmzouar.com\/fr\/wp-json\/wp\/v2\/product_tag?post=6079"}],"curies":[{"name":"wp","href":"https:\/\/api.w.org\/{rel}","templated":true}]}}