{"id":6080,"date":"2024-06-22T19:09:19","date_gmt":"2024-06-22T17:09:19","guid":{"rendered":"https:\/\/lmzouar.com\/?post_type=product&#038;p=6080"},"modified":"2024-06-22T19:09:19","modified_gmt":"2024-06-22T17:09:19","slug":"huile-de-ricin","status":"publish","type":"product","link":"https:\/\/lmzouar.com\/fr\/produit\/huile-de-ricin\/","title":{"rendered":"Huile de ricin"},"content":{"rendered":"","protected":false},"excerpt":{"rendered":"<p style=\"text-align: left;\"><span style=\"color: #99cc00;\"><strong>Parmi les principaux bienfaits de l&rsquo;huile de ricin<\/strong><\/span><\/p>\n<ul>\n<li style=\"text-align: left;\"><strong>Stimulation de la croissance des cheveux :<\/strong> Elle aide \u00e0 stimuler la croissance des cheveux et \u00e0 les renforcer<\/li>\n<li style=\"text-align: left;\"><strong>Nourrissement des cheveux :<\/strong> Elle fournit les nutriments n\u00e9cessaires aux cheveux, les rendant plus doux et brillants<\/li>\n<li style=\"text-align: left;\"><strong>Pr\u00e9vention de la chute des cheveux :<\/strong> Elle aide \u00e0 pr\u00e9venir la chute des cheveux et \u00e0 les renforcer depuis les racines<\/li>\n<li style=\"text-align: left;\"><strong>Apaisement du cuir chevelu :<\/strong> Elle aide \u00e0 apaiser le cuir chevelu irrit\u00e9 et les d\u00e9mangeaisons<\/li>\n<li style=\"text-align: left;\"><strong>Protection des cheveux contre les facteurs externes :<\/strong> Elle prot\u00e8ge les cheveux des effets des facteurs environnementaux tels que le soleil, le vent et la pollution<\/li>\n<li style=\"text-align: left;\"><strong>Hydratation des cheveux secs :<\/strong> Elle agit comme un hydratant efficace pour les cheveux secs et ab\u00eem\u00e9s<\/li>\n<li style=\"text-align: left;\"><strong>Assouplissement des cheveux r\u00eaches :<\/strong> Elle aide \u00e0 assouplir les cheveux r\u00eaches et emm\u00eal\u00e9s<\/li>\n<li style=\"text-align: left;\"><strong>Traitement des pointes fourchues :<\/strong> Elle r\u00e9duit les pointes fourchues et emp\u00eache les cheveux de s&#8217;emm\u00ealer<\/li>\n<li style=\"text-align: left;\"><strong>Am\u00e9lioration de la couleur des cheveux :<\/strong> Elle peut aider \u00e0 am\u00e9liorer la couleur des cheveux et \u00e0 les rendre plus \u00e9clatants<\/li>\n<li style=\"text-align: left;\"><strong>Traitement des pellicules :<\/strong> Elle aide \u00e0 traiter les probl\u00e8mes du cuir chevelu tels que les pellicules et les inflammations cutan\u00e9es<\/li>\n<\/ul>\n","protected":false},"featured_media":6003,"template":"","meta":[],"product_brand":[],"product_cat":[234],"product_tag":[],"class_list":{"0":"post-6080","1":"product","2":"type-product","3":"status-publish","4":"has-post-thumbnail","6":"product_cat-huiles-naturelles","8":"first","9":"instock","10":"sale","11":"shipping-taxable","12":"purchasable","13":"product-type-simple"},"_links":{"self":[{"href":"https:\/\/lmzouar.com\/fr\/wp-json\/wp\/v2\/product\/6080","targetHints":{"allow":["GET"]}}],"collection":[{"href":"https:\/\/lmzouar.com\/fr\/wp-json\/wp\/v2\/product"}],"about":[{"href":"https:\/\/lmzouar.com\/fr\/wp-json\/wp\/v2\/types\/product"}],"wp:featuredmedia":[{"embeddable":true,"href":"https:\/\/lmzouar.com\/fr\/wp-json\/wp\/v2\/media\/6003"}],"wp:attachment":[{"href":"https:\/\/lmzouar.com\/fr\/wp-json\/wp\/v2\/media?parent=6080"}],"wp:term":[{"taxonomy":"product_brand","embeddable":true,"href":"https:\/\/lmzouar.com\/fr\/wp-json\/wp\/v2\/product_brand?post=6080"},{"taxonomy":"product_cat","embeddable":true,"href":"https:\/\/lmzouar.com\/fr\/wp-json\/wp\/v2\/product_cat?post=6080"},{"taxonomy":"product_tag","embeddable":true,"href":"https:\/\/lmzouar.com\/fr\/wp-json\/wp\/v2\/product_tag?post=6080"}],"curies":[{"name":"wp","href":"https:\/\/api.w.org\/{rel}","templated":true}]}}