{"id":6081,"date":"2024-06-22T19:20:45","date_gmt":"2024-06-22T17:20:45","guid":{"rendered":"https:\/\/lmzouar.com\/?post_type=product&#038;p=6081"},"modified":"2024-06-22T19:21:10","modified_gmt":"2024-06-22T17:21:10","slug":"huile-de-laitue","status":"publish","type":"product","link":"https:\/\/lmzouar.com\/fr\/produit\/huile-de-laitue\/","title":{"rendered":"Huile de laitue"},"content":{"rendered":"","protected":false},"excerpt":{"rendered":"<p style=\"text-align: left;\"><strong><span style=\"color: #99cc00;\">Parmi les principaux bienfaits de la laitue<\/span><\/strong><\/p>\n<ul>\n<li style=\"text-align: left;\"><strong>Combat le vieillissement :<\/strong> Elle poss\u00e8de des propri\u00e9t\u00e9s anti-\u00e2ge qui aident \u00e0 lutter contre les signes du vieillissement<\/li>\n<li style=\"text-align: left;\"><strong>Traite les boutons et l&rsquo;acn\u00e9 :<\/strong> La laitue est efficace pour traiter les boutons et l&rsquo;acn\u00e9<\/li>\n<li style=\"text-align: left;\"><strong>R\u00e9duit les cicatrices et les taches sombres :<\/strong> Elle aide \u00e0 att\u00e9nuer les cicatrices et les taches sombres sur la peau<\/li>\n<li style=\"text-align: left;\"><strong>Adoucit la peau :<\/strong> Elle contribue \u00e0 rendre la peau plus douce<\/li>\n<li style=\"text-align: left;\"><strong>Hydrate la peau :<\/strong> La laitue a des propri\u00e9t\u00e9s hydratantes qui aident \u00e0 maintenir la peau hydrat\u00e9e<\/li>\n<li style=\"text-align: left;\"><strong>R\u00e9duit les inflammations et les irritations cutan\u00e9es :<\/strong> Elle aide \u00e0 calmer les inflammations et les irritations de la peau<\/li>\n<li style=\"text-align: left;\"><strong>Stimule la croissance des cheveux et les adoucit :<\/strong> Elle favorise la croissance des cheveux et les rend plus doux<\/li>\n<li style=\"text-align: left;\"><strong>Pr\u00e9vient la chute des cheveux :<\/strong> La laitue aide \u00e0 pr\u00e9venir la chute des cheveux<\/li>\n<li style=\"text-align: left;\"><strong>Maintient la sant\u00e9 du cuir chevelu :<\/strong> Elle contribue \u00e0 garder le cuir chevelu en bonne sant\u00e9<\/li>\n<li style=\"text-align: left;\"><strong>Prot\u00e8ge les cheveux des facteurs externes comme le soleil :<\/strong> La laitue prot\u00e8ge les cheveux des dommages caus\u00e9s par le soleil et d&rsquo;autres facteurs environnementaux<\/li>\n<li style=\"text-align: left;\"><strong>Ajoute de la brillance aux cheveux ternes :<\/strong> Elle donne de l&rsquo;\u00e9clat aux cheveux ternes<\/li>\n<\/ul>\n","protected":false},"featured_media":6015,"template":"","meta":[],"product_brand":[],"product_cat":[234],"product_tag":[],"class_list":{"0":"post-6081","1":"product","2":"type-product","3":"status-publish","4":"has-post-thumbnail","6":"product_cat-huiles-naturelles","8":"first","9":"instock","10":"sale","11":"shipping-taxable","12":"purchasable","13":"product-type-simple"},"_links":{"self":[{"href":"https:\/\/lmzouar.com\/fr\/wp-json\/wp\/v2\/product\/6081","targetHints":{"allow":["GET"]}}],"collection":[{"href":"https:\/\/lmzouar.com\/fr\/wp-json\/wp\/v2\/product"}],"about":[{"href":"https:\/\/lmzouar.com\/fr\/wp-json\/wp\/v2\/types\/product"}],"wp:featuredmedia":[{"embeddable":true,"href":"https:\/\/lmzouar.com\/fr\/wp-json\/wp\/v2\/media\/6015"}],"wp:attachment":[{"href":"https:\/\/lmzouar.com\/fr\/wp-json\/wp\/v2\/media?parent=6081"}],"wp:term":[{"taxonomy":"product_brand","embeddable":true,"href":"https:\/\/lmzouar.com\/fr\/wp-json\/wp\/v2\/product_brand?post=6081"},{"taxonomy":"product_cat","embeddable":true,"href":"https:\/\/lmzouar.com\/fr\/wp-json\/wp\/v2\/product_cat?post=6081"},{"taxonomy":"product_tag","embeddable":true,"href":"https:\/\/lmzouar.com\/fr\/wp-json\/wp\/v2\/product_tag?post=6081"}],"curies":[{"name":"wp","href":"https:\/\/api.w.org\/{rel}","templated":true}]}}