{"id":6082,"date":"2024-06-22T19:27:27","date_gmt":"2024-06-22T17:27:27","guid":{"rendered":"https:\/\/lmzouar.com\/?post_type=product&#038;p=6082"},"modified":"2024-06-22T19:27:27","modified_gmt":"2024-06-22T17:27:27","slug":"huile-de-sidr","status":"publish","type":"product","link":"https:\/\/lmzouar.com\/fr\/produit\/huile-de-sidr\/","title":{"rendered":"Huile de Sidr"},"content":{"rendered":"","protected":false},"excerpt":{"rendered":"<p style=\"text-align: left;\"><span style=\"color: #99cc00;\"><strong>Parmi les principaux bienfaits de l\u2019huile de Sidr<\/strong><\/span><\/p>\n<ul>\n<li>\n<p style=\"text-align: left;\"><strong>Stimulation de la croissance des cheveux :<\/strong> Favorise la croissance des cheveux et les renforce, r\u00e9duisant ainsi leur chute<\/p>\n<\/li>\n<li style=\"text-align: left;\"><strong>Traitement du cuir chevelu :<\/strong> Apaise le cuir chevelu, traite les probl\u00e8mes comme les pellicules et les d\u00e9mangeaisons<\/li>\n<li style=\"text-align: left;\"><strong>Hydratation des cheveux :<\/strong> Fournit une hydratation n\u00e9cessaire aux cheveux, les rendant doux et brillants<\/li>\n<li style=\"text-align: left;\"><strong>Combat les pointes fourchues :<\/strong> R\u00e9duit les pointes fourchues gr\u00e2ce \u00e0 ses propri\u00e9t\u00e9s nutritives<\/li>\n<li style=\"text-align: left;\"><strong>Am\u00e9lioration de la sant\u00e9 de la peau :<\/strong> Utilis\u00e9 pour traiter les probl\u00e8mes de peau comme la s\u00e9cheresse et l&rsquo;ecz\u00e9ma, contribuant ainsi \u00e0 am\u00e9liorer l&rsquo;\u00e9tat g\u00e9n\u00e9ral de la peau<\/li>\n<li style=\"text-align: left;\"><strong>Anti-inflammatoire :<\/strong> Poss\u00e8de des propri\u00e9t\u00e9s anti-inflammatoires qui aident \u00e0 apaiser la peau irrit\u00e9e<\/li>\n<li style=\"text-align: left;\"><strong>Combat les signes du vieillissement :<\/strong> Aide \u00e0 r\u00e9duire l&rsquo;apparence des rides et des ridules gr\u00e2ce \u00e0 ses antioxydants<\/li>\n<li style=\"text-align: left;\"><strong>Acc\u00e9l\u00e9ration de la cicatrisation des plaies :<\/strong> Contribue \u00e0 acc\u00e9l\u00e9rer la gu\u00e9rison des petites plaies et des \u00e9corchures<\/li>\n<li style=\"text-align: left;\"><strong>Am\u00e9lioration du teint de la peau :<\/strong> Aide \u00e0 \u00e9claircir et \u00e0 unifier le teint de la peau<\/li>\n<li>\n<p style=\"text-align: left;\"><strong>Nutrition des follicules capillaires :<\/strong> Nourrit naturellement les follicules et les racines des cheveux, favorisant ainsi leur croissance et pr\u00e9venant leur affinement<\/p>\n<\/li>\n<\/ul>\n","protected":false},"featured_media":5993,"template":"","meta":[],"product_brand":[],"product_cat":[234],"product_tag":[],"class_list":{"0":"post-6082","1":"product","2":"type-product","3":"status-publish","4":"has-post-thumbnail","6":"product_cat-huiles-naturelles","8":"first","9":"instock","10":"sale","11":"shipping-taxable","12":"purchasable","13":"product-type-simple"},"_links":{"self":[{"href":"https:\/\/lmzouar.com\/fr\/wp-json\/wp\/v2\/product\/6082","targetHints":{"allow":["GET"]}}],"collection":[{"href":"https:\/\/lmzouar.com\/fr\/wp-json\/wp\/v2\/product"}],"about":[{"href":"https:\/\/lmzouar.com\/fr\/wp-json\/wp\/v2\/types\/product"}],"wp:featuredmedia":[{"embeddable":true,"href":"https:\/\/lmzouar.com\/fr\/wp-json\/wp\/v2\/media\/5993"}],"wp:attachment":[{"href":"https:\/\/lmzouar.com\/fr\/wp-json\/wp\/v2\/media?parent=6082"}],"wp:term":[{"taxonomy":"product_brand","embeddable":true,"href":"https:\/\/lmzouar.com\/fr\/wp-json\/wp\/v2\/product_brand?post=6082"},{"taxonomy":"product_cat","embeddable":true,"href":"https:\/\/lmzouar.com\/fr\/wp-json\/wp\/v2\/product_cat?post=6082"},{"taxonomy":"product_tag","embeddable":true,"href":"https:\/\/lmzouar.com\/fr\/wp-json\/wp\/v2\/product_tag?post=6082"}],"curies":[{"name":"wp","href":"https:\/\/api.w.org\/{rel}","templated":true}]}}