{"id":6083,"date":"2024-06-22T19:32:35","date_gmt":"2024-06-22T17:32:35","guid":{"rendered":"https:\/\/lmzouar.com\/?post_type=product&#038;p=6083"},"modified":"2024-06-22T19:32:35","modified_gmt":"2024-06-22T17:32:35","slug":"huile-de-sesame","status":"publish","type":"product","link":"https:\/\/lmzouar.com\/fr\/produit\/huile-de-sesame\/","title":{"rendered":"Huile de s\u00e9same"},"content":{"rendered":"","protected":false},"excerpt":{"rendered":"<p style=\"text-align: left;\"><span style=\"color: #99cc00;\"><strong>Parmi les principaux bienfaits de l\u2019huile de s\u00e9same<\/strong><\/span><\/p>\n<ul>\n<li>\n<p style=\"text-align: left;\"><strong>Hydratation efficace des cheveux :<\/strong> L&rsquo;huile de s\u00e9same est tr\u00e8s efficace pour hydrater les cheveux<\/p>\n<\/li>\n<li style=\"text-align: left;\"><strong>Stimulation de la croissance des cheveux :<\/strong> Elle nourrit le cuir chevelu, stimule la croissance des cheveux et les renforce<\/li>\n<li style=\"text-align: left;\"><strong>Am\u00e9lioration de la sant\u00e9 du c\u0153ur :<\/strong> Contient des acides gras monoinsatur\u00e9s et polyinsatur\u00e9s qui soutiennent la sant\u00e9 du c\u0153u<\/li>\n<li style=\"text-align: left;\"><strong>Antioxydant :<\/strong> Riche en vitamine E et sesamolin, qui combattent les radicaux libres et r\u00e9duisent les dommages oxydatifs<\/li>\n<li style=\"text-align: left;\"><strong>Promotion de la sant\u00e9 buccale :<\/strong> Utilis\u00e9e dans le processus de \u00ab\u00a0tirage \u00e0 l&rsquo;huile\u00a0\u00bb pour nettoyer la bouche, r\u00e9duire les bact\u00e9ries et am\u00e9liorer la sant\u00e9 des gencives<\/li>\n<li style=\"text-align: left;\"><strong>Soutien pour la sant\u00e9 des os :<\/strong> Contient du calcium et du zinc qui renforcent la densit\u00e9 osseuse<\/li>\n<li style=\"text-align: left;\"><strong>R\u00e9gulation de la pression art\u00e9rielle :<\/strong> Peut aider \u00e0 abaisser la pression art\u00e9rielle en raison de sa teneur en magn\u00e9sium<\/li>\n<li style=\"text-align: left;\"><strong>Am\u00e9lioration de la digestion :<\/strong> Agit comme un laxatif naturel et favorise la sant\u00e9 du syst\u00e8me digestif<\/li>\n<li style=\"text-align: left;\"><strong>Promotion de la sant\u00e9 de la peau :<\/strong> Poss\u00e8de des propri\u00e9t\u00e9s hydratantes et antibact\u00e9riennes, aidant \u00e0 traiter la s\u00e9cheresse cutan\u00e9e et les irritations<\/li>\n<li style=\"text-align: left;\"><strong>R\u00e9duction du stress :<\/strong> Contient du magn\u00e9sium qui aide \u00e0 r\u00e9duire le stress et la tension<\/li>\n<\/ul>\n","protected":false},"featured_media":5999,"template":"","meta":[],"product_brand":[],"product_cat":[234],"product_tag":[],"class_list":{"0":"post-6083","1":"product","2":"type-product","3":"status-publish","4":"has-post-thumbnail","6":"product_cat-huiles-naturelles","8":"first","9":"instock","10":"sale","11":"shipping-taxable","12":"purchasable","13":"product-type-simple"},"_links":{"self":[{"href":"https:\/\/lmzouar.com\/fr\/wp-json\/wp\/v2\/product\/6083","targetHints":{"allow":["GET"]}}],"collection":[{"href":"https:\/\/lmzouar.com\/fr\/wp-json\/wp\/v2\/product"}],"about":[{"href":"https:\/\/lmzouar.com\/fr\/wp-json\/wp\/v2\/types\/product"}],"wp:featuredmedia":[{"embeddable":true,"href":"https:\/\/lmzouar.com\/fr\/wp-json\/wp\/v2\/media\/5999"}],"wp:attachment":[{"href":"https:\/\/lmzouar.com\/fr\/wp-json\/wp\/v2\/media?parent=6083"}],"wp:term":[{"taxonomy":"product_brand","embeddable":true,"href":"https:\/\/lmzouar.com\/fr\/wp-json\/wp\/v2\/product_brand?post=6083"},{"taxonomy":"product_cat","embeddable":true,"href":"https:\/\/lmzouar.com\/fr\/wp-json\/wp\/v2\/product_cat?post=6083"},{"taxonomy":"product_tag","embeddable":true,"href":"https:\/\/lmzouar.com\/fr\/wp-json\/wp\/v2\/product_tag?post=6083"}],"curies":[{"name":"wp","href":"https:\/\/api.w.org\/{rel}","templated":true}]}}